{"id":340,"date":"2025-11-04T11:26:25","date_gmt":"2025-11-04T10:26:25","guid":{"rendered":"https:\/\/si.zinnejstrony.pl\/?page_id=340"},"modified":"2025-12-09T12:17:19","modified_gmt":"2025-12-09T11:17:19","slug":"o-nas","status":"publish","type":"page","link":"https:\/\/sinfinityclothing.com\/en\/o-nas\/","title":{"rendered":"About us"},"content":{"rendered":"<div>\n<div class=\"wp-block-greenshift-blocks-row gspb_row gspb_row-id-gsbp-51f3537\" id=\"gspb_row-id-gsbp-51f3537\"><div class=\"gspb_row__content\"> \n<div class=\"wp-block-greenshift-blocks-row-column gspb_row__col--6 gspb_col-id-gsbp-dd8ff05\" id=\"gspb_col-id-gsbp-dd8ff05\">\n<figure class=\"wp-block-image size-full\"><img loading=\"lazy\" decoding=\"async\" width=\"690\" height=\"1024\" src=\"https:\/\/sinfinityclothing.com\/wp-content\/uploads\/2025\/12\/tlo-690x1024-1.png\" alt=\"\" class=\"wp-image-768\" srcset=\"https:\/\/sinfinityclothing.com\/wp-content\/uploads\/2025\/12\/tlo-690x1024-1.png 690w, https:\/\/sinfinityclothing.com\/wp-content\/uploads\/2025\/12\/tlo-690x1024-1-202x300.png 202w, https:\/\/sinfinityclothing.com\/wp-content\/uploads\/2025\/12\/tlo-690x1024-1-8x12.png 8w\" sizes=\"auto, (max-width: 690px) 100vw, 690px\" \/><\/figure>\n<\/div>\n\n\n\n<div class=\"wp-block-greenshift-blocks-row-column gspb_row__col--6 gspb_col-id-gsbp-9c71fcd\" id=\"gspb_col-id-gsbp-9c71fcd\">\n<p><strong>Sinfinity Clothing<\/strong> \u2013 firma powsta\u0142a w Warszawie w 2015 roku (cho\u0107 pomys\u0142 zrodzi\u0142 si\u0119\u00a0znacznie wcze\u015bniej) z my\u015bl\u0105 o produkcji odzie\u017cy dla zespo\u0142\u00f3w muzycznych (tzw. merchu), ale szybko podj\u0119li\u015bmy wsp\u00f3\u0142prac\u0119 z markami odzie\u017cowymi, artystami grafikami, agencjami reklamowymi, organizacjami NGO, wszelkiego rodzaju klubami i stowarzyszeniami oraz z klientem indywidualnym.<\/p>\n\n\n\n<p>Specjalizujemy si\u0119 w sitodruku, ale znakujemy odzie\u017c tak\u017ce haftem oraz technikami DTF i flex.<\/p>\n\n\n\n<p>Z takim samym zaanga\u017cowaniem podchodzimy do wielotysi\u0119cznych prostych wzor\u00f3w, jak i&nbsp; niskonak\u0142adowych, najtrudniejszych realizacji.&nbsp;<\/p>\n\n\n\n<p>Pracujemy na maszynach, farbach i chemii najwy\u017cszej \u015bwiatowej klasy i nieustannie podnosimy swoj\u0105 wiedz\u0119 i umiej\u0119tno\u015bci w zakresie sitodruku (zar\u00f3wno separacji i przygotowania wzor\u00f3w, jak i samych proces\u00f3w druku) oraz rozwijamy park maszynowy, a co za tym idzie \u2013&nbsp; nasz\u0105 ofert\u0119.<\/p>\n\n\n\n<p>Nigdy nie rekomendujemy klientom najta\u0144szych rozwi\u0105za\u0144- pracujemy na odzie\u017cy sprawdzonych i szanowanych marek, min: JHK, Gildan, Russel, Sol\u2019s, Build your brand, Malfini i wiele innych.<\/p>\n\n\n\n<p>Opr\u00f3cz odzie\u017cy (t-shirty, bluzy, czapki, kurtki, polary, bielizna, ekotorby) naszym klientom oferujemy wszelki druk wielkoformatowy (banery, rollupy, backdropy, naklejki), druk 3d, grawer laserowy, smycze, breloczki i mn\u00f3stwo innych gad\u017cet\u00f3w.<\/p>\n\n\n\n<p>Co nas wyr\u00f3\u017cnia?<\/p>\n\n\n\n<p>&#8211; bezpo\u015bredni kontakt i przejrzysto\u015b\u0107 koszt\u00f3w<\/p>\n\n\n\n<p>&#8211; doradztwo na ka\u017cdym etapie \u2013 od przygotowania wzoru, przez znakowanie, do w\u0142asnego brandingu (metki, wszywki, etykiety) i konfekcji (pakowanie jednostkowe b\u0105d\u017a zbiorcze)<\/p>\n\n\n\n<p>&#8211; kontrola jako\u015bci na ka\u017cdym etapie realizacji<\/p>\n\n\n\n<p>&#8211; szacunek i zrozumienie dla klienta, niezale\u017cnie od jego potrzeb<\/p>\n\n\n\n<p>&#8211; podejmowanie&nbsp; nawet najtrudniejszych wyzwa\u0144 (nie da si\u0119? To potrzymaj nam\u2026 kaw\u0119 \ud83d\ude09 )&nbsp;<\/p>\n\n\n\n<p>&#8211; skrupulatno\u015b\u0107 i dotrzymywanie terminu za wszelk\u0105 cen\u0119<\/p>\n<\/div>\n <\/div><\/div>\n<\/div>","protected":false},"excerpt":{"rendered":"","protected":false},"author":1,"featured_media":0,"parent":0,"menu_order":0,"comment_status":"closed","ping_status":"closed","template":"","meta":{"_gspb_post_css":"#gspb_row-id-gsbp-51f3537{justify-content:space-between;margin-top:0;margin-bottom:0;display:flex;flex-wrap:wrap}#gspb_row-id-gsbp-51f3537>.gspb_row__content{display:flex;justify-content:space-between;margin:0 auto;width:100%;flex-wrap:wrap}.gspb_row{position:relative}div[id^=gspb_col-id]{box-sizing:border-box;position:relative;padding:var(--gs-row-column-padding, 15px min(3vw, 20px))}body.gspb-bodyfront #gspb_row-id-gsbp-51f3537>.gspb_row__content{width:var(--theme-container-width, 1200px);max-width:var(--theme-normal-container-max-width, 1200px)}#gspb_col-id-gsbp-9c71fcd.gspb_row__col--6{width:50%}@media (max-width:575.98px){#gspb_col-id-gsbp-9c71fcd.gspb_row__col--6{width:100%}}#gspb_col-id-gsbp-dd8ff05.gspb_row__col--6{width:50%}@media (max-width:575.98px){#gspb_col-id-gsbp-dd8ff05.gspb_row__col--6{width:100%}}","footnotes":""},"class_list":["post-340","page","type-page","status-publish","hentry"],"blocksy_meta":[],"_links":{"self":[{"href":"https:\/\/sinfinityclothing.com\/en\/wp-json\/wp\/v2\/pages\/340","targetHints":{"allow":["GET"]}}],"collection":[{"href":"https:\/\/sinfinityclothing.com\/en\/wp-json\/wp\/v2\/pages"}],"about":[{"href":"https:\/\/sinfinityclothing.com\/en\/wp-json\/wp\/v2\/types\/page"}],"author":[{"embeddable":true,"href":"https:\/\/sinfinityclothing.com\/en\/wp-json\/wp\/v2\/users\/1"}],"replies":[{"embeddable":true,"href":"https:\/\/sinfinityclothing.com\/en\/wp-json\/wp\/v2\/comments?post=340"}],"version-history":[{"count":8,"href":"https:\/\/sinfinityclothing.com\/en\/wp-json\/wp\/v2\/pages\/340\/revisions"}],"predecessor-version":[{"id":772,"href":"https:\/\/sinfinityclothing.com\/en\/wp-json\/wp\/v2\/pages\/340\/revisions\/772"}],"wp:attachment":[{"href":"https:\/\/sinfinityclothing.com\/en\/wp-json\/wp\/v2\/media?parent=340"}],"curies":[{"name":"wp","href":"https:\/\/api.w.org\/{rel}","templated":true}]}}