{"id":375,"date":"2025-11-04T12:52:40","date_gmt":"2025-11-04T11:52:40","guid":{"rendered":"https:\/\/si.zinnejstrony.pl\/?page_id=375"},"modified":"2025-11-14T15:46:34","modified_gmt":"2025-11-14T14:46:34","slug":"wycena-projektu","status":"publish","type":"page","link":"https:\/\/sinfinityclothing.com\/en\/wycena-projektu\/","title":{"rendered":"Get a quote"},"content":{"rendered":"<section class=\"wp-block-greenshift-blocks-row alignfull gspb_row gspb_row-id-gsbp-493ccfe your-parallax-section\" id=\"gspb_row-id-gsbp-493ccfe\"><div class=\"gspb_row__content\"> \n<div class=\"wp-block-greenshift-blocks-row-column gspb_row__col--12 gspb_col-id-gsbp-bc6cb16\" id=\"gspb_col-id-gsbp-bc6cb16\">\n<div class=\"wp-block-greenshift-blocks-container gspb_container gspb_container-gsbp-484b917\" id=\"gspb_container-id-gsbp-484b917\"><div class=\"gspb_backgroundOverlay\"><\/div>\n<div class=\"wp-block-greenshift-blocks-iconbox gspb_iconBox gspb_iconBox-id-gsbp-90cf5c2\" id=\"gspb_iconBox-id-gsbp-90cf5c2\"><div class=\"gspb_iconBox__wrapper\" style=\"display:inline-flex\"><svg class=\"\" style=\"display:inline-block;vertical-align:middle\" width=\"72\" height=\"72\" viewbox=\"0 0 1280 1024\" xmlns=\"http:\/\/www.w3.org\/2000\/svg\"><path style=\"fill:#565D66\" d=\"M960 512c106 0 192-86 192-192s-86-192-192-192-192 86-192 192 86 192 192 192zM960 224c53 0 96 43 96 96s-43 96-96 96-96-43-96-96 43-96 96-96zM544.2 552c-23.8 0-47.8 3.4-71 10.6-28.4 8.6-58.2 13.4-89.4 13.4s-61-4.8-89.4-13.4c-23.2-7-47.2-10.6-71-10.6-72.6 0-143.2 32.4-184.6 93.8-24.4 36.8-38.8 81-38.8 128.6v89.6c0 53 43 96 96 96h576c53 0 96-43 96-96v-89.6c0-47.6-14.4-91.8-39.2-128.6-41.4-61.4-112-93.8-184.6-93.8zM672 864h-576v-89.6c0-57.8 36.8-107.2 88.2-126.2 20.6-7.6 43.2-7.4 63.8 0 44.2 15.8 90 23.8 136 23.8s91.6-8 136.2-23.8c20.6-7.4 43.2-7.6 63.8 0 51.4 18.8 88.2 68.4 88.2 126.2v89.6zM384 512c123.8 0 224-100.2 224-224s-100.2-224-224-224-224 100.2-224 224 100.2 224 224 224zM384 160c70.6 0 128 57.4 128 128s-57.4 128-128 128-128-57.4-128-128 57.4-128 128-128zM1247.4 634.2c-34.6-51.2-93.4-78.2-153.8-78.2-55.6 0-69.6 20-133.6 20s-78-20-133.6-20c-26.6 0-52.4 6-76.4 16.2 11.6 11.8 22.6 24 32 37.8 9.4 14 17.2 28.8 24 44 6.6-1.4 13.4-2.2 20.4-2.2 34.4 0 59.2 20 133.6 20 74.8 0 99-20 133.6-20 31.4 0 59 13.4 74.2 35.8 10.6 15.8 16.2 34.2 16.2 53.4v59h-352v64c0 11-1.2 21.6-3.2 32h371.2c44.2 0 80-35.8 80-80v-74.6c0-39.8-12-76.6-32.6-107.2z\"><\/path><\/svg><\/div><\/div>\n\n\n\n<div id=\"gspb_text-id-gsbp-52586a4\" class=\"gspb_text gspb_text-id-gsbp-52586a4\">Order<\/div>\n<\/div>\n\n\n\n<h2 id=\"gspb_heading-id-gsbp-25a1ef7\" class=\"gspb_heading gspb_heading-id-gsbp-25a1ef7\">Get a quote<\/h2>\n\n\n\n<p class=\"has-text-align-center has-text-color has-link-color wp-elements-18886afc286b1a99b7eae6d5e47afd19\" style=\"color:#bbbbbb\">Briefly describe your project\u2014we'll get back to you with a quote and a deadline. The more specifics, the faster we can work \ud83e\udd18<\/p>\n\n\n\n<div class=\"wp-block-greenshift-blocks-row gspb_row gspb_row-id-gsbp-525b32d\" id=\"gspb_row-id-gsbp-525b32d\"><div class=\"gspb_row__content\"> \n<div class=\"wp-block-greenshift-blocks-row-column gspb_row__col--8 gspb_col-id-gsbp-fad8483\" id=\"gspb_col-id-gsbp-fad8483\">\n<div class=\"wp-block-greenshift-blocks-container gspb_container gspb_container-gsbp-16c55f5\" id=\"gspb_container-id-gsbp-16c55f5\"><div class=\"gspb_backgroundOverlay\"><\/div><style id=\"wpforms-css-vars-369-block-80bcc5e3-833a-420f-89a0-5c763ffe9c26\">\n\t\t\t\t#wpforms-369.wpforms-block-80bcc5e3-833a-420f-89a0-5c763ffe9c26 {\n\t\t\t\t--wpforms-label-color: #ffffff;\n--wpforms-label-sublabel-color: #ffffff;\n--wpforms-label-error-color: #ff6666;\n--wpforms-field-border-radius: 15px;\n--wpforms-field-background-color: #141414;\n--wpforms-field-border-color: #7a7a7a;\n--wpforms-field-border-color-spare: #7a7a7a;\n--wpforms-field-text-color: #ffffff;\n--wpforms-button-border-style: solid;\n--wpforms-button-border-radius: 15px;\n--wpforms-button-background-color: #000000;\n--wpforms-button-border-color: #ffd817;\n--wpforms-field-size-input-height: 43px;\n--wpforms-field-size-input-spacing: 15px;\n--wpforms-field-size-font-size: 16px;\n--wpforms-field-size-line-height: 19px;\n--wpforms-field-size-padding-h: 14px;\n--wpforms-field-size-checkbox-size: 16px;\n--wpforms-field-size-sublabel-spacing: 5px;\n--wpforms-field-size-icon-size: 1;\n--wpforms-label-size-font-size: 16px;\n--wpforms-label-size-line-height: 19px;\n--wpforms-label-size-sublabel-font-size: 14px;\n--wpforms-label-size-sublabel-line-height: 17px;\n--wpforms-button-size-font-size: 17px;\n--wpforms-button-size-height: 41px;\n--wpforms-button-size-padding-h: 15px;\n--wpforms-button-size-margin-top: 10px;\n\t\t\t}\n\t\t\t<\/style><div class=\"wpforms-container wpforms-container-full wpforms-block wpforms-block-80bcc5e3-833a-420f-89a0-5c763ffe9c26 wpforms-render-modern\" id=\"wpforms-369\"><form id=\"wpforms-form-369\" class=\"wpforms-validate wpforms-form wpforms-ajax-form\" data-formid=\"369\" method=\"post\" enctype=\"multipart\/form-data\" action=\"\/en\/wp-json\/wp\/v2\/pages\/375\" data-token=\"8d3319841564b15ceb5e0472d27811ce\" data-token-time=\"1775862256\" data-trp-original-action=\"\/en\/wp-json\/wp\/v2\/pages\/375\"><noscript class=\"wpforms-error-noscript\">Please enable JavaScript in your browser to complete this form.<\/noscript><div id=\"wpforms-error-noscript\" style=\"display: none;\">Please enable JavaScript in your browser to complete this form.<\/div><div class=\"wpforms-field-container\"><div id=\"wpforms-369-field_1-container\" class=\"wpforms-field wpforms-field-name\" data-field-id=\"1\"><label class=\"wpforms-field-label\" for=\"wpforms-369-field_1\">Name\/ Surname\/ Brand <span class=\"wpforms-required-label\" aria-hidden=\"true\">*<\/span><\/label><input type=\"text\" id=\"wpforms-369-field_1\" class=\"wpforms-field-medium wpforms-field-required\" name=\"wpforms[fields][1]\" placeholder=\"Johny Smith\/ Your Brand\" aria-errormessage=\"wpforms-369-field_1-error\" required><\/div><div id=\"wpforms-369-field_2-container\" class=\"wpforms-field wpforms-field-email\" data-field-id=\"2\"><label class=\"wpforms-field-label\" for=\"wpforms-369-field_2\">E-mail adres <span class=\"wpforms-required-label\" aria-hidden=\"true\">*<\/span><\/label><input type=\"email\" id=\"wpforms-369-field_2\" class=\"wpforms-field-medium wpforms-field-required\" name=\"wpforms[fields][2]\" placeholder=\"johny@yourbrand.pl\" spellcheck=\"false\" aria-errormessage=\"wpforms-369-field_2-error\" required><\/div><div id=\"wpforms-369-field_5-container\" class=\"wpforms-field wpforms-field-number\" data-field-id=\"5\"><label class=\"wpforms-field-label\" for=\"wpforms-369-field_5\">Phone Number<\/label><input type=\"number\" id=\"wpforms-369-field_5\" class=\"wpforms-field-medium\" name=\"wpforms[fields][5]\" placeholder=\"+48 600000000\" step=\"any\" aria-errormessage=\"wpforms-369-field_5-error\" ><\/div><div id=\"wpforms-369-field_7-container\" class=\"wpforms-field wpforms-field-number\" data-field-id=\"7\"><label class=\"wpforms-field-label\" for=\"wpforms-369-field_7\">Amount<\/label><input type=\"number\" id=\"wpforms-369-field_7\" class=\"wpforms-field-medium\" name=\"wpforms[fields][7]\" placeholder=\"e.g. 100 pcs.\" step=\"any\" aria-errormessage=\"wpforms-369-field_7-error\" ><\/div><div id=\"wpforms-369-field_8-container\" class=\"wpforms-field wpforms-field-text\" data-field-id=\"8\"><label class=\"wpforms-field-label\" for=\"wpforms-369-field_8\">Link to files<\/label><input type=\"text\" id=\"wpforms-369-field_8\" class=\"wpforms-field-medium\" name=\"wpforms[fields][8]\" placeholder=\"https:\/\/wetransfer.com\/... or  Google Drive\" aria-errormessage=\"wpforms-369-field_8-error\" ><\/div>\t\t<div id=\"wpforms-369-field_4-container\"\n\t\t\tclass=\"wpforms-field wpforms-field-text\"\n\t\t\tdata-field-type=\"text\"\n\t\t\tdata-field-id=\"4\"\n\t\t\t>\n\t\t\t<label class=\"wpforms-field-label\" for=\"wpforms-369-field_4\" >do Firma Telefon<\/label>\n\t\t\t<input type=\"text\" id=\"wpforms-369-field_4\" class=\"wpforms-field-medium\" name=\"wpforms[fields][4]\" >\n\t\t<\/div>\n\t\t<div id=\"wpforms-369-field_3-container\" class=\"wpforms-field wpforms-field-textarea\" data-field-id=\"3\"><label class=\"wpforms-field-label\" for=\"wpforms-369-field_3\">Project Description<\/label><textarea id=\"wpforms-369-field_3\" class=\"wpforms-field-medium\" name=\"wpforms[fields][3]\" placeholder=\"Type of clothing\/gadget, quantities, colors, dates, link to file...\" aria-errormessage=\"wpforms-369-field_3-error\" ><\/textarea><\/div><div id=\"wpforms-369-field_9-container\" class=\"wpforms-field wpforms-field-checkbox\" data-field-id=\"9\"><fieldset><legend class=\"wpforms-field-label wpforms-label-hide\" aria-hidden=\"false\"> <span class=\"wpforms-required-label\" aria-hidden=\"true\">*<\/span><\/legend><ul id=\"wpforms-369-field_9\" class=\"wpforms-field-required\"><li class=\"choice-1 depth-1\"><input type=\"checkbox\" id=\"wpforms-369-field_9_1\" name=\"wpforms[fields][9][]\" value=\"Wyra\u017cam zgodn\u0119 na przetwarzanie moich danych w celu przygotowania wyceny i kontaktu - zgodnie z Polityk\u0105 prywatno\u015bci\" aria-errormessage=\"wpforms-369-field_9_1-error\" required><label class=\"wpforms-field-label-inline\" for=\"wpforms-369-field_9_1\">I consent to the processing of my data for the purpose of preparing a quote and contacting me \u2013 in accordance with the Privacy Policy<\/label><\/li><\/ul><\/fieldset><\/div><script>\n\t\t\t\t( function() {\n\t\t\t\t\tconst style = document.createElement( 'style' );\n\t\t\t\t\tstyle.appendChild( document.createTextNode( '#wpforms-369-field_4-container { position: absolute !important; overflow: hidden !important; display: inline !important; height: 1px !important; width: 1px !important; z-index: -1000 !important; padding: 0 !important; } #wpforms-369-field_4-container input { visibility: hidden; } #wpforms-conversational-form-page #wpforms-369-field_4-container label { counter-increment: none; }' ) );\n\t\t\t\t\tdocument.head.appendChild( style );\n\t\t\t\t\tdocument.currentScript?.remove();\n\t\t\t\t} )();\n\t\t\t<\/script><\/div><!-- .wpforms-field-container --><div class=\"wpforms-submit-container\" ><input type=\"hidden\" name=\"wpforms[id]\" value=\"369\"><input type=\"hidden\" name=\"page_title\" value=\"\"><input type=\"hidden\" name=\"page_url\" value=\"https:\/\/sinfinityclothing.com\/en\/wp-json\/wp\/v2\/pages\/375\"><input type=\"hidden\" name=\"url_referer\" value=\"\"><button type=\"submit\" name=\"wpforms[submit]\" id=\"wpforms-submit-369\" class=\"wpforms-submit\" data-alt-text=\"Wysy\u0142anie...\" data-submit-text=\"Wy\u015blij zapytanie\" aria-live=\"assertive\" value=\"wpforms-submit\">Send<\/button><img loading=\"lazy\" decoding=\"async\" src=\"https:\/\/sinfinityclothing.com\/wp-content\/plugins\/wpforms-lite\/assets\/images\/submit-spin.svg\" class=\"wpforms-submit-spinner\" style=\"display: none;\" width=\"26\" height=\"26\" alt=\"Loading\"><\/div><input type=\"hidden\" name=\"trp-form-language\" value=\"en\"\/><\/form><\/div>  <!-- .wpforms-container --><\/div>\n<\/div>\n\n\n\n<div class=\"wp-block-greenshift-blocks-row-column gspb_row__col--4 gspb_col-id-gsbp-08abf53\" id=\"gspb_col-id-gsbp-08abf53\">\n<div class=\"wp-block-greenshift-blocks-container gspb_container gspb_container-gsbp-24cae50 gs-hovercard\" id=\"gspb_container-id-gsbp-24cae50\"><div class=\"gspb_backgroundOverlay\"><\/div>\n<div class=\"wp-block-greenshift-blocks-container gspb_container gspb_container-gsbp-4435d41\" id=\"gspb_container-id-gsbp-4435d41\">\n<div class=\"wp-block-greenshift-blocks-container gspb_container gspb_container-gsbp-29007af\" id=\"gspb_container-id-gsbp-29007af\">\n<div id=\"gspb_heading-id-gsbp-a04b9ec\" class=\"gspb_heading gspb_heading-id-gsbp-a04b9ec\"><strong>Contact info<\/strong><\/div>\n<style>.gs_opacity_75{opacity:0.75}<\/style>\n\n\n<p id=\"gspb_text-id-gsbp-b93de51\" class=\"gspb_text gspb_text-id-gsbp-b93de51 gs_opacity_75\">Phone:\u00a0<a href=\"tel:+48502642975\">+48 502 642 975<\/a><br>E-mail:\u00a0<a href=\"mailto:info@sinfinityclothing.com\">info@sinfinityclothing.com<\/a><\/p>\n<style>.gs_opacity_75{opacity:0.75}<\/style>\n\n\n<div style=\"height:24px\" aria-hidden=\"true\" class=\"wp-block-spacer\"><\/div>\n\n\n\n<div id=\"gspb_heading-id-gsbp-60c6289\" class=\"gspb_heading gspb_heading-id-gsbp-60c6289\">Location<\/div>\n\n\n\n<p id=\"gspb_text-id-gsbp-9846495\" class=\"gspb_text gspb_text-id-gsbp-9846495 gs_opacity_75\"><strong>Sinfinity Clothing S.C<\/strong><br>Franciszka Ryxa 57, 05-505 Pra\u017cm\u00f3w<\/p>\n<style>.gs_opacity_75{opacity:0.75}<\/style><\/div>\n<\/div>\n<\/div>\n<\/div>\n <\/div><\/div>\n\n\n\n<div style=\"height:24px\" aria-hidden=\"true\" class=\"wp-block-spacer\"><\/div>\n<\/div>\n <\/div><\/section>","protected":false},"excerpt":{"rendered":"","protected":false},"author":1,"featured_media":0,"parent":0,"menu_order":0,"comment_status":"closed","ping_status":"closed","template":"","meta":{"_gspb_post_css":"#gspb_row-id-gsbp-493ccfe{justify-content:space-between;margin-top:0;margin-bottom:0;display:flex;flex-wrap:wrap;padding-top:10vh;padding-bottom:10vh;background-color:#000;background-size:contain;background-repeat:no-repeat;background-image:url(https:\/\/sinfinityclothing.com\/wp-content\/uploads\/2025\/10\/proces.png)}#gspb_row-id-gsbp-493ccfe>.gspb_row__content{display:flex;justify-content:space-between;margin:0 auto;width:100%;flex-wrap:wrap;max-width:1200px}div[id^=gspb_col-id]{box-sizing:border-box;position:relative;padding:var(--gs-row-column-padding, 15px min(3vw, 20px))}#gspb_row-id-gsbp-493ccfe .gspb_shape-divider-container--top svg .gspb_st1,#gspb_row-id-gsbp-493ccfe .gspb_shape-divider-container--top svg .gspb_st2{opacity:.5}#gspb_row-id-gsbp-493ccfe .gspb_shape-divider-container--top svg .gspb_st0{opacity:1}#gspb_row-id-gsbp-493ccfe .gspb_shape-divider-container--top{top:-43px;z-index:1}#gspb_row-id-gsbp-493ccfe .gspb_shape-divider-container--top svg{height:45px}#gspb_row-id-gsbp-493ccfe:hover{background-size:contain}#gspb_col-id-gsbp-bc6cb16.gspb_row__col--12{width:100%}@media (max-width:575.98px){#gspb_col-id-gsbp-bc6cb16.gspb_row__col--12{width:100%}}body #gspb_col-id-gsbp-bc6cb16.gspb_row__col--12{display:flex;flex-direction:column;align-items:center}.gspb_container-id-gsbp-484b917{flex-direction:column;box-sizing:border-box}#gspb_container-id-gsbp-16c55f5.gspb_container>p:last-of-type,#gspb_container-id-gsbp-24cae50.gspb_container>p:last-of-type,#gspb_container-id-gsbp-29007af.gspb_container>p:last-of-type,#gspb_container-id-gsbp-4435d41.gspb_container>p:last-of-type,#gspb_container-id-gsbp-484b917.gspb_container>p:last-of-type{margin-bottom:0}#gspb_container-id-gsbp-484b917.gspb_container,#gspb_container-id-gsbp-484b917.gspb_container>.gspb_backgroundOverlay{border-top-left-radius:15px;border-top-right-radius:15px;border-bottom-right-radius:15px;border-bottom-left-radius:15px}#gspb_container-id-gsbp-484b917.gspb_container{position:relative;display:flex;flex-direction:row;justify-content:flex-start;align-items:center;column-gap:.4rem;box-shadow:0 2px 4px 0 rgba(0,0,0,.07);margin-bottom:0;padding:.3rem .7rem;border-style:solid;border-width:1px;border-color:#585858;isolation:isolate}#gspb_container-id-gsbp-484b917.gspb_container>.gspb_backgroundOverlay{position:absolute;top:0;left:0;width:100%;height:100%;z-index:-1;-webkit-backdrop-filter:blur(1.8px);backdrop-filter:blur(1.8px);background-color:#ffffff00}#gspb_iconBox-id-gsbp-90cf5c2 svg{width:72px;height:1rem!important;width:1rem!important;min-width:1rem!important;fill:#9c9c9c!important;margin:0!important}#gspb_iconBox-id-gsbp-90cf5c2{justify-content:center;display:flex}#gspb_iconBox-id-gsbp-90cf5c2 svg path{fill:#9c9c9c!important}#gspb_iconBox-id-gsbp-90cf5c2 .gspb_iconBox__wrapper{margin:0!important;padding:0}.gspb_text-id-gsbp-52586a4{font-size:14px;font-weight:600!important;color:#bbb;margin-top:0!important}#gspb_heading-id-gsbp-25a1ef7{font-size:clamp(2.2rem,4vw,2.8rem);line-height:clamp(2.75rem,4.7vw,3.5rem);text-align:left!important;color:var(--gs-colorcolor6, #ffffff);margin-top:12px;margin-bottom:24px}#gspb_heading-id-gsbp-25a1ef7 .gsap-g-line{text-align:left!important}#gspb_row-id-gsbp-525b32d{justify-content:space-between;margin-top:0;margin-bottom:0;display:flex;flex-wrap:wrap}#gspb_row-id-gsbp-525b32d>.gspb_row__content{display:flex;justify-content:space-between;margin:0 auto;width:100%;flex-wrap:wrap}.gspb_row{position:relative}body.gspb-bodyfront #gspb_row-id-gsbp-525b32d>.gspb_row__content{width:var(--theme-container-width, 1200px);max-width:var(--theme-normal-container-max-width, 1200px)}#gspb_col-id-gsbp-fad8483.gspb_row__col--8{width:66.66666666666667%}@media (max-width:575.98px){#gspb_col-id-gsbp-fad8483.gspb_row__col--8{width:100%}}.gspb_container-id-gsbp-16c55f5,.gspb_container-id-gsbp-24cae50,.gspb_container-id-gsbp-29007af,.gspb_container-id-gsbp-4435d41{flex-direction:column;box-sizing:border-box}#gspb_container-id-gsbp-16c55f5.gspb_container,#gspb_container-id-gsbp-16c55f5.gspb_container>.gspb_backgroundOverlay{border-top-left-radius:.62rem;border-top-right-radius:.62rem;border-bottom-right-radius:.62rem;border-bottom-left-radius:.62rem}#gspb_container-id-gsbp-16c55f5.gspb_container{position:relative;display:inline-block;padding:1rem;overflow:hidden;border-style:solid;border-width:1px;border-color:#ffffff38;isolation:isolate}#gspb_container-id-gsbp-16c55f5.gspb_container>.gspb_backgroundOverlay{position:absolute;top:0;left:0;width:100%;height:100%;z-index:-1;-webkit-backdrop-filter:blur(4px);backdrop-filter:blur(4px);background-color:#ffffff00}#gspb_col-id-gsbp-08abf53.gspb_row__col--4{width:33.333333333333336%}@media (max-width:575.98px){#gspb_col-id-gsbp-08abf53.gspb_row__col--4{width:100%}}#gspb_container-id-gsbp-24cae50.gspb_container,#gspb_container-id-gsbp-24cae50.gspb_container>.gspb_backgroundOverlay{border-top-left-radius:.625rem;border-top-right-radius:.625rem;border-bottom-right-radius:.625rem;border-bottom-left-radius:.625rem}#gspb_container-id-gsbp-24cae50.gspb_container{position:relative;display:flex;flex-direction:column;justify-content:center;align-items:center;padding:1.75rem;overflow:hidden;border-style:solid;border-width:1px;border-color:#ffffff3b;isolation:isolate}#gspb_container-id-gsbp-24cae50.gspb_container>.gspb_backgroundOverlay{position:absolute;top:0;left:0;width:100%;height:100%;z-index:-1;-webkit-backdrop-filter:blur(6px);backdrop-filter:blur(6px);background-color:#ffffff00}body.gspb-bodyfront #gspb_container-id-gsbp-24cae50.gspb_container{min-height:350px}#gspb_container-id-gsbp-4435d41.gspb_container{position:relative;display:flex;flex-direction:column;justify-content:flex-start;align-items:flex-start}body.gspb-bodyfront #gspb_container-id-gsbp-4435d41.gspb_container{z-index:2;height:100%}#gspb_container-id-gsbp-29007af.gspb_container{position:relative;display:flex;flex-direction:column;row-gap:.625rem}#gspb_heading-id-gsbp-a04b9ec{font-size:1.5rem;line-height:2rem}@media (max-width:991.98px){#gspb_heading-id-gsbp-a04b9ec{font-size:1.5rem;line-height:1.5rem}}@media (max-width:767.98px){#gspb_heading-id-gsbp-a04b9ec{font-size:1.3125rem}}@media (max-width:575.98px){#gspb_heading-id-gsbp-a04b9ec{line-height:1.5rem}}#gspb_heading-id-gsbp-a04b9ec{font-weight:700!important;color:var(--wp--preset--color--custom-white, #ffffff);margin:0}.gspb_text-id-gsbp-b93de51 .wp-block a,.gspb_text-id-gsbp-b93de51 a{color:#fff}.gspb_text-id-gsbp-b93de51 .wp-block a:hover,.gspb_text-id-gsbp-b93de51 a:hover{color:var(--gs-colorcolor2, #ffc908)}#gspb_heading-id-gsbp-60c6289{font-size:1.5rem;line-height:2rem}@media (max-width:991.98px){#gspb_heading-id-gsbp-60c6289{font-size:1.5rem;line-height:1.5rem}}@media (max-width:767.98px){#gspb_heading-id-gsbp-60c6289{font-size:1.3125rem}}@media (max-width:575.98px){#gspb_heading-id-gsbp-60c6289{line-height:1.5rem}}#gspb_heading-id-gsbp-60c6289{font-weight:700!important;color:var(--wp--preset--color--custom-white, #ffffff);margin:0}.gspb_text-id-gsbp-9846495,.gspb_text-id-gsbp-b93de51{font-size:16px;color:var(--wp--preset--color--custom-white, #ffffff);margin:0!important}","footnotes":""},"class_list":["post-375","page","type-page","status-publish","hentry"],"blocksy_meta":[],"_links":{"self":[{"href":"https:\/\/sinfinityclothing.com\/en\/wp-json\/wp\/v2\/pages\/375","targetHints":{"allow":["GET"]}}],"collection":[{"href":"https:\/\/sinfinityclothing.com\/en\/wp-json\/wp\/v2\/pages"}],"about":[{"href":"https:\/\/sinfinityclothing.com\/en\/wp-json\/wp\/v2\/types\/page"}],"author":[{"embeddable":true,"href":"https:\/\/sinfinityclothing.com\/en\/wp-json\/wp\/v2\/users\/1"}],"replies":[{"embeddable":true,"href":"https:\/\/sinfinityclothing.com\/en\/wp-json\/wp\/v2\/comments?post=375"}],"version-history":[{"count":18,"href":"https:\/\/sinfinityclothing.com\/en\/wp-json\/wp\/v2\/pages\/375\/revisions"}],"predecessor-version":[{"id":640,"href":"https:\/\/sinfinityclothing.com\/en\/wp-json\/wp\/v2\/pages\/375\/revisions\/640"}],"wp:attachment":[{"href":"https:\/\/sinfinityclothing.com\/en\/wp-json\/wp\/v2\/media?parent=375"}],"curies":[{"name":"wp","href":"https:\/\/api.w.org\/{rel}","templated":true}]}}