{"id":40,"date":"2025-10-22T17:03:36","date_gmt":"2025-10-22T15:03:36","guid":{"rendered":"https:\/\/si.zinnejstrony.pl\/?page_id=40"},"modified":"2025-11-14T18:14:47","modified_gmt":"2025-11-14T17:14:47","slug":"realizacje","status":"publish","type":"page","link":"https:\/\/sinfinityclothing.com\/en\/realizacje\/","title":{"rendered":"Projects"},"content":{"rendered":"<section class=\"wp-block-greenshift-blocks-row alignfull gspb_row gspb_row-id-gsbp-86f7b08 your-parallax-section\" id=\"gspb_row-id-gsbp-86f7b08\"><div class=\"gspb_row__content\"> \n<div class=\"wp-block-greenshift-blocks-row-column gspb_row__col--12 gspb_col-id-gsbp-96a103f\" id=\"gspb_col-id-gsbp-96a103f\">\n<div class=\"wp-block-greenshift-blocks-container gspb_container gspb_container-gsbp-51c4d8a\" id=\"gspb_container-id-gsbp-51c4d8a\"><div class=\"gspb_backgroundOverlay\"><\/div>\n<div class=\"wp-block-greenshift-blocks-iconbox gspb_iconBox gspb_iconBox-id-gsbp-8d3d130\" id=\"gspb_iconBox-id-gsbp-8d3d130\"><div class=\"gspb_iconBox__wrapper\" style=\"display:inline-flex\"><svg class=\"\" style=\"display:inline-block;vertical-align:middle\" width=\"72\" height=\"72\" viewbox=\"0 0 896 1024\" xmlns=\"http:\/\/www.w3.org\/2000\/svg\"><path style=\"fill:#565D66\" d=\"M647.12 102.4c-41.6 38.6-79.16 79.18-112.44 119.94-54.52-75.1-122.12-151.28-198.68-222.34-196.52 182.34-336 419.92-336 563.2 0 254.5 200.58 460.8 448 460.8s448-206.3 448-460.8c0-106.54-103.96-326.28-248.88-460.8zM608.18 783.7c-43.32 30.32-96.74 48.3-154.46 48.3-144.3 0-261.72-95.48-261.72-250.5 0-77.22 48.62-145.26 145.58-261.5 13.86 15.96 197.66 250.68 197.66 250.68l117.26-133.76c8.28 13.7 15.82 27.1 22.54 39.94 54.7 104.38 31.62 237.94-66.86 306.84z\"><\/path><\/svg><\/div><\/div>\n\n\n\n<div id=\"gspb_text-id-gsbp-5360b17\" class=\"gspb_text gspb_text-id-gsbp-5360b17\">Portfolio<\/div>\n<\/div>\n\n\n\n<script>\n\/\/ Add this via Greenshift's custom JS or a site JS snippet plugin\ndocument.addEventListener('scroll', () => {\n  document.querySelectorAll('.your-parallax-section').forEach((el) => {\n    const speed = 0.4; \/\/ adjust speed (0.2 = slow, 0.6 = faster)\n    const yOffset = window.scrollY * speed;\n    el.style.backgroundPosition = `center calc(50% + ${yOffset}px)`;\n  });\n});\n\n<\/script>\n\n\n\n<h2 id=\"gspb_heading-id-gsbp-22ade7e\" class=\"gspb_heading gspb_heading-id-gsbp-22ade7e\">Nasze realizacje<\/h2>\n\n\n\n<p class=\"has-text-align-center has-text-color has-link-color wp-elements-8934bfc309d9f2c8371f301112d63eed\" style=\"color:#bbbbbb\">Drukujemy dla zespo\u0142\u00f3w, marek i event\u00f3w w ca\u0142ej Polsce. W naszych realizacjach zobaczysz, jak \u0142\u0105czymy kreatywne pomys\u0142y z precyzyjn\u0105 produkcj\u0105 \u2014 od merchu i odzie\u017cy po scenografi\u0119 i materia\u0142y eventowe.<\/p>\n\n\n\n<div style=\"height:24px\" aria-hidden=\"true\" class=\"wp-block-spacer\"><\/div>\n\n\n\n<div class=\"wp-block-greenshift-blocks-container gspb_container gspb_container-gsbp-36a4dee\" id=\"gspb_container-id-gsbp-36a4dee\">\n<div class=\"wp-block-greenshift-blocks-button gspb_button_wrapper gspb_button-id-gsbp-dc0ffa8\" id=\"gspb_button-id-gsbp-dc0ffa8\"><a class=\"gspb-buttonbox\" href=\"#realizacje\" rel=\"noopener\"><span class=\"gspb-buttonbox-textwrap\"><span class=\"gspb-buttonbox-text\"><span class=\"gspb-buttonbox-title\">Nasze realizacje<\/span><\/span><span class=\"gspb-buttonbox-icon\"><svg class=\"\" style=\"display:inline-block;vertical-align:middle\" width=\"15\" height=\"15\" viewbox=\"0 0 640 1024\" xmlns=\"http:\/\/www.w3.org\/2000\/svg\"><path style=\"fill:#565D66\" d=\"M303 695.6l-296-293.6c-9.4-9.4-9.4-24.6 0-34l39.6-39.6c9.4-9.4 24.6-9.4 34 0l239.4 237 239.4-237c9.4-9.4 24.6-9.4 34 0l39.6 39.6c9.4 9.4 9.4 24.6 0 34l-296 293.6c-9.4 9.4-24.6 9.4-34 0z\"><\/path><\/svg><\/span><\/span><\/a><\/div>\n\n\n\n<div class=\"wp-block-greenshift-blocks-button gspb_button_wrapper gspb_button-id-gsbp-ebc5d51\" id=\"gspb_button-id-gsbp-ebc5d51\"><a class=\"gspb-buttonbox\" href=\"https:\/\/sinfinityclothing.com\/en\/wycena-projektu\/\" rel=\"noopener\"><span class=\"gspb-buttonbox-textwrap\"><span class=\"gspb-buttonbox-text\"><span class=\"gspb-buttonbox-title\">Wyce\u0144 sw\u00f3j projekt<\/span><\/span><span class=\"gspb-buttonbox-icon\"><svg class=\"\" style=\"display:inline-block;vertical-align:middle\" width=\"15\" height=\"15\" viewbox=\"0 0 512 1024\" xmlns=\"http:\/\/www.w3.org\/2000\/svg\"><path style=\"fill:#565D66\" d=\"M49.414 76.202l-39.598 39.596c-9.372 9.372-9.372 24.568 0 33.942l361.398 362.26-361.398 362.26c-9.372 9.372-9.372 24.568 0 33.942l39.598 39.598c9.372 9.372 24.568 9.372 33.942 0l418.828-418.828c9.372-9.372 9.372-24.568 0-33.942l-418.828-418.828c-9.374-9.374-24.57-9.374-33.942 0z\"><\/path><\/svg><\/span><\/span><\/a><\/div>\n<\/div>\n<\/div>\n <\/div><\/section>\n\n\n\n<section class=\"wp-block-greenshift-blocks-row alignfull gspb_row gspb_row-id-gsbp-4e7420a\" id=\"gspb_row-id-gsbp-4e7420a\"><div id=\"realizacje\"><\/div><div class=\"gspb_row__content\"> \n<div class=\"wp-block-greenshift-blocks-row-column gspb_row__col--12 gspb_col-id-gsbp-62afe14\" id=\"gspb_col-id-gsbp-62afe14\">\n<div class=\"wp-block-query is-layout-flow wp-block-query-is-layout-flow\"><ul class=\"columns-3 wp-block-post-template is-layout-grid wp-container-core-post-template-is-layout-6d3fbd8f wp-block-post-template-is-layout-grid\"><li class=\"wp-block-post post-551 projekty type-projekty status-publish has-post-thumbnail hentry category-scenografia\">\n\n<div class=\"wp-block-greenshift-blocks-container gspb_container gspb_container-gsbp-9a37d8c\" id=\"gspb_container-id-gsbp-9a37d8c\"><div class=\"gspb_backgroundOverlay\"><\/div><figure style=\"aspect-ratio:1;\" class=\"wp-block-post-featured-image\"><img loading=\"lazy\" decoding=\"async\" width=\"1194\" height=\"1186\" src=\"https:\/\/sinfinityclothing.com\/wp-content\/uploads\/2025\/11\/terrorizer.png\" class=\"attachment-post-thumbnail size-post-thumbnail wp-post-image\" alt=\"\" style=\"width:100%;height:100%;object-fit:cover;\" srcset=\"https:\/\/sinfinityclothing.com\/wp-content\/uploads\/2025\/11\/terrorizer.png 1194w, https:\/\/sinfinityclothing.com\/wp-content\/uploads\/2025\/11\/terrorizer-300x298.png 300w, https:\/\/sinfinityclothing.com\/wp-content\/uploads\/2025\/11\/terrorizer-1024x1017.png 1024w, https:\/\/sinfinityclothing.com\/wp-content\/uploads\/2025\/11\/terrorizer-150x150.png 150w, https:\/\/sinfinityclothing.com\/wp-content\/uploads\/2025\/11\/terrorizer-768x763.png 768w\" sizes=\"auto, (max-width: 1194px) 100vw, 1194px\" \/><\/figure>\n\n\n<div class=\"wp-block-group is-layout-constrained wp-container-core-group-is-layout-52009084 wp-block-group-is-layout-constrained\" style=\"padding-top:var(--wp--preset--spacing--40);padding-right:var(--wp--preset--spacing--40);padding-bottom:var(--wp--preset--spacing--40);padding-left:var(--wp--preset--spacing--40)\"><div style=\"color:#bfbfbf;padding-top:0;padding-bottom:0;padding-left:0;padding-right:0;margin-top:0;margin-bottom:0;margin-left:0;margin-right:0\" class=\"taxonomy-category has-link-color wp-elements-45ee4f8754c4583ef4e67d3063ddf666 wp-block-post-terms has-text-color has-small-font-size\"><a href=\"https:\/\/sinfinityclothing.com\/en\/category\/scenografia\/\" rel=\"tag\">Scenografia<\/a><\/div>\n\n<h2 style=\"padding-top:0;padding-bottom:0;margin-top:0;margin-bottom:0;\" class=\"has-link-color wp-elements-a32096a3a411d036083ea21cd95eaf2b wp-block-post-title has-text-color has-white-color has-large-font-size\"><a href=\"https:\/\/sinfinityclothing.com\/en\/projekty\/terrorizer\/\" target=\"_self\" >Terrorizer<\/a><\/h2>\n\n<div style=\"color:#cbcbcb;\" class=\"has-link-color wp-elements-3e3d618f83626d149435eab2e770faf7 wp-block-post-excerpt has-text-color\"><p class=\"wp-block-post-excerpt__excerpt\">8&#215;6=48m\u00b2 przepi\u0119knego backdropa wykonanego u nas dla @terrorizerofficial<\/p><p class=\"wp-block-post-excerpt__more-text\"><a class=\"wp-block-post-excerpt__more-link\" href=\"https:\/\/sinfinityclothing.com\/en\/projekty\/terrorizer\/\">Czytaj dalej&#8230;<\/a><\/p><\/div>\n\n<div style=\"color:#707070;\" class=\"has-link-color wp-elements-a9cb8b21f03c88303c37a988be06fd04 wp-block-post-date has-text-color has-small-font-size\"><time datetime=\"2025-11-08T09:12:04+01:00\">2025-11-08<\/time><\/div><\/div>\n<\/div>\n\n<\/li><li class=\"wp-block-post post-549 projekty type-projekty status-publish has-post-thumbnail hentry category-scenografia\">\n\n<div class=\"wp-block-greenshift-blocks-container gspb_container gspb_container-gsbp-9a37d8c\" id=\"gspb_container-id-gsbp-9a37d8c\"><div class=\"gspb_backgroundOverlay\"><\/div><figure style=\"aspect-ratio:1;\" class=\"wp-block-post-featured-image\"><img loading=\"lazy\" decoding=\"async\" width=\"1108\" height=\"1208\" src=\"https:\/\/sinfinityclothing.com\/wp-content\/uploads\/2025\/11\/venom.png\" class=\"attachment-post-thumbnail size-post-thumbnail wp-post-image\" alt=\"\" style=\"width:100%;height:100%;object-fit:cover;\" srcset=\"https:\/\/sinfinityclothing.com\/wp-content\/uploads\/2025\/11\/venom.png 1108w, https:\/\/sinfinityclothing.com\/wp-content\/uploads\/2025\/11\/venom-275x300.png 275w, https:\/\/sinfinityclothing.com\/wp-content\/uploads\/2025\/11\/venom-939x1024.png 939w, https:\/\/sinfinityclothing.com\/wp-content\/uploads\/2025\/11\/venom-768x837.png 768w\" sizes=\"auto, (max-width: 1108px) 100vw, 1108px\" \/><\/figure>\n\n\n<div class=\"wp-block-group is-layout-constrained wp-container-core-group-is-layout-52009084 wp-block-group-is-layout-constrained\" style=\"padding-top:var(--wp--preset--spacing--40);padding-right:var(--wp--preset--spacing--40);padding-bottom:var(--wp--preset--spacing--40);padding-left:var(--wp--preset--spacing--40)\"><div style=\"color:#bfbfbf;padding-top:0;padding-bottom:0;padding-left:0;padding-right:0;margin-top:0;margin-bottom:0;margin-left:0;margin-right:0\" class=\"taxonomy-category has-link-color wp-elements-45ee4f8754c4583ef4e67d3063ddf666 wp-block-post-terms has-text-color has-small-font-size\"><a href=\"https:\/\/sinfinityclothing.com\/en\/category\/scenografia\/\" rel=\"tag\">Scenografia<\/a><\/div>\n\n<h2 style=\"padding-top:0;padding-bottom:0;margin-top:0;margin-bottom:0;\" class=\"has-link-color wp-elements-a32096a3a411d036083ea21cd95eaf2b wp-block-post-title has-text-color has-white-color has-large-font-size\"><a href=\"https:\/\/sinfinityclothing.com\/en\/projekty\/venom-inc\/\" target=\"_self\" >Venom Inc<\/a><\/h2>\n\n<div style=\"color:#cbcbcb;\" class=\"has-link-color wp-elements-3e3d618f83626d149435eab2e770faf7 wp-block-post-excerpt has-text-color\"><p class=\"wp-block-post-excerpt__excerpt\">Kiedy backdrop zostaje frontdropem \ud83d\ude01 36m\u00b2 dla @venom_inc wydrukowane, poszyte i pooczkowane w Sinfinity \ud83e\udee1<\/p><p class=\"wp-block-post-excerpt__more-text\"><a class=\"wp-block-post-excerpt__more-link\" href=\"https:\/\/sinfinityclothing.com\/en\/projekty\/venom-inc\/\">Czytaj dalej&#8230;<\/a><\/p><\/div>\n\n<div style=\"color:#707070;\" class=\"has-link-color wp-elements-a9cb8b21f03c88303c37a988be06fd04 wp-block-post-date has-text-color has-small-font-size\"><time datetime=\"2025-11-08T09:04:23+01:00\">2025-11-08<\/time><\/div><\/div>\n<\/div>\n\n<\/li><li class=\"wp-block-post post-540 projekty type-projekty status-publish has-post-thumbnail hentry category-odziez\">\n\n<div class=\"wp-block-greenshift-blocks-container gspb_container gspb_container-gsbp-9a37d8c\" id=\"gspb_container-id-gsbp-9a37d8c\"><div class=\"gspb_backgroundOverlay\"><\/div><figure style=\"aspect-ratio:1;\" class=\"wp-block-post-featured-image\"><img loading=\"lazy\" decoding=\"async\" width=\"966\" height=\"1043\" src=\"https:\/\/sinfinityclothing.com\/wp-content\/uploads\/2025\/11\/ichtroje.png\" class=\"attachment-post-thumbnail size-post-thumbnail wp-post-image\" alt=\"\" style=\"width:100%;height:100%;object-fit:cover;\" srcset=\"https:\/\/sinfinityclothing.com\/wp-content\/uploads\/2025\/11\/ichtroje.png 966w, https:\/\/sinfinityclothing.com\/wp-content\/uploads\/2025\/11\/ichtroje-278x300.png 278w, https:\/\/sinfinityclothing.com\/wp-content\/uploads\/2025\/11\/ichtroje-948x1024.png 948w, https:\/\/sinfinityclothing.com\/wp-content\/uploads\/2025\/11\/ichtroje-768x829.png 768w\" sizes=\"auto, (max-width: 966px) 100vw, 966px\" \/><\/figure>\n\n\n<div class=\"wp-block-group is-layout-constrained wp-container-core-group-is-layout-52009084 wp-block-group-is-layout-constrained\" style=\"padding-top:var(--wp--preset--spacing--40);padding-right:var(--wp--preset--spacing--40);padding-bottom:var(--wp--preset--spacing--40);padding-left:var(--wp--preset--spacing--40)\"><div style=\"color:#bfbfbf;padding-top:0;padding-bottom:0;padding-left:0;padding-right:0;margin-top:0;margin-bottom:0;margin-left:0;margin-right:0\" class=\"taxonomy-category has-link-color wp-elements-45ee4f8754c4583ef4e67d3063ddf666 wp-block-post-terms has-text-color has-small-font-size\"><a href=\"https:\/\/sinfinityclothing.com\/en\/category\/odziez\/\" rel=\"tag\">Clothing<\/a><\/div>\n\n<h2 style=\"padding-top:0;padding-bottom:0;margin-top:0;margin-bottom:0;\" class=\"has-link-color wp-elements-a32096a3a411d036083ea21cd95eaf2b wp-block-post-title has-text-color has-white-color has-large-font-size\"><a href=\"https:\/\/sinfinityclothing.com\/en\/projekty\/ich-troje-30-lecie\/\" target=\"_self\" >Ich Troje &#8211; 30 lecie<\/a><\/h2>\n\n<div style=\"color:#cbcbcb;\" class=\"has-link-color wp-elements-3e3d618f83626d149435eab2e770faf7 wp-block-post-excerpt has-text-color\"><p class=\"wp-block-post-excerpt__excerpt\">Merch na jubileuszowy koncert Ich Troje w sopocie. Kto si\u0119 za\u0142apa\u0142 na bilet z koszulk\u0105 ten ma!<\/p><p class=\"wp-block-post-excerpt__more-text\"><a class=\"wp-block-post-excerpt__more-link\" href=\"https:\/\/sinfinityclothing.com\/en\/projekty\/ich-troje-30-lecie\/\">Czytaj dalej&#8230;<\/a><\/p><\/div>\n\n<div style=\"color:#707070;\" class=\"has-link-color wp-elements-a9cb8b21f03c88303c37a988be06fd04 wp-block-post-date has-text-color has-small-font-size\"><time datetime=\"2025-11-07T15:16:54+01:00\">2025-11-07<\/time><\/div><\/div>\n<\/div>\n\n<\/li><\/ul><\/div>\n<\/div>\n <\/div><\/section>","protected":false},"excerpt":{"rendered":"","protected":false},"author":1,"featured_media":0,"parent":0,"menu_order":0,"comment_status":"closed","ping_status":"closed","template":"","meta":{"_gspb_post_css":"#gspb_row-id-gsbp-86f7b08{justify-content:space-between;margin-top:0;margin-bottom:0;display:flex;flex-wrap:wrap;padding-top:10vh;padding-bottom:10vh;background-color:#000;background-size:contain;background-position:50% 50%}#gspb_row-id-gsbp-86f7b08>.gspb_row__content{display:flex;justify-content:space-between;margin:0 auto;width:100%;flex-wrap:wrap;max-width:1200px}div[id^=gspb_col-id]{box-sizing:border-box;position:relative;padding:var(--gs-row-column-padding, 15px min(3vw, 20px))}#gspb_row-id-gsbp-86f7b08 .gspb_shape-divider-container--top svg .gspb_st1,#gspb_row-id-gsbp-86f7b08 .gspb_shape-divider-container--top svg .gspb_st2{opacity:.5}#gspb_row-id-gsbp-86f7b08 .gspb_shape-divider-container--top svg .gspb_st0{opacity:1}#gspb_row-id-gsbp-86f7b08 .gspb_shape-divider-container--top{top:-43px;z-index:1}#gspb_row-id-gsbp-86f7b08 .gspb_shape-divider-container--top svg{height:45px}@media (max-width:575.98px){#gspb_row-id-gsbp-86f7b08{background-size:cover}}#gspb_row-id-gsbp-86f7b08{background-image:url(https:\/\/sinfinityclothing.com\/wp-content\/uploads\/2025\/10\/proces.png)}#gspb_row-id-gsbp-86f7b08:hover{background-size:contain}@media (max-width:575.98px){#gspb_row-id-gsbp-86f7b08:hover{background-size:cover}}#gspb_col-id-gsbp-96a103f.gspb_row__col--12{width:100%}@media (max-width:575.98px){#gspb_col-id-gsbp-96a103f.gspb_row__col--12{width:100%}}body #gspb_col-id-gsbp-96a103f.gspb_row__col--12{display:flex;flex-direction:column;align-items:center}.gspb_container-id-gsbp-51c4d8a{flex-direction:column;box-sizing:border-box}#gspb_container-id-gsbp-36a4dee.gspb_container>p:last-of-type,#gspb_container-id-gsbp-51c4d8a.gspb_container>p:last-of-type,#gspb_container-id-gsbp-9a37d8c.gspb_container>p:last-of-type{margin-bottom:0}#gspb_container-id-gsbp-51c4d8a.gspb_container,#gspb_container-id-gsbp-51c4d8a.gspb_container>.gspb_backgroundOverlay{border-top-left-radius:15px;border-top-right-radius:15px;border-bottom-right-radius:15px;border-bottom-left-radius:15px}#gspb_container-id-gsbp-51c4d8a.gspb_container{position:relative;display:flex;flex-direction:row;justify-content:flex-start;align-items:center;column-gap:.4rem;box-shadow:0 2px 4px 0 rgba(0,0,0,.07);margin-bottom:0;padding:.3rem .7rem;border-style:solid;border-width:1px;border-color:#585858;isolation:isolate}#gspb_container-id-gsbp-51c4d8a.gspb_container>.gspb_backgroundOverlay{position:absolute;top:0;left:0;width:100%;height:100%;z-index:-1;-webkit-backdrop-filter:blur(1.8px);backdrop-filter:blur(1.8px);background-color:#ffffff00}#gspb_iconBox-id-gsbp-8d3d130 svg{width:72px;height:1rem!important;width:1rem!important;min-width:1rem!important;fill:#9c9c9c!important;margin:0!important}#gspb_iconBox-id-gsbp-8d3d130{justify-content:center;display:flex}#gspb_iconBox-id-gsbp-8d3d130 svg path{fill:#9c9c9c!important}#gspb_iconBox-id-gsbp-8d3d130 .gspb_iconBox__wrapper{margin:0!important;padding:0}.gspb_text-id-gsbp-5360b17{font-size:14px;font-weight:600!important;color:#bbb;margin-top:0!important}#gspb_heading-id-gsbp-22ade7e{font-size:clamp(2.2rem,4vw,2.8rem);line-height:clamp(2.75rem,4.7vw,3.5rem);text-align:left!important;color:var(--gs-colorcolor6, #ffffff);margin-top:12px;margin-bottom:24px}#gspb_heading-id-gsbp-22ade7e .gsap-g-line{text-align:left!important}.gspb_container-id-gsbp-36a4dee{flex-direction:column;box-sizing:border-box}#gspb_container-id-gsbp-36a4dee.gspb_container{position:relative;display:flex;flex-direction:row;align-items:center;row-gap:1rem;column-gap:1rem}@media (max-width:575.98px){#gspb_container-id-gsbp-36a4dee.gspb_container{flex-direction:column;align-items:center}}.gspb_button-id-gsbp-dc0ffa8,.gspb_button-id-gsbp-ebc5d51{display:flex;justify-content:flex-start}.gspb_button-id-gsbp-dc0ffa8 .gspb-buttonbox-text{display:flex;flex-direction:column}.gspb_button-id-gsbp-dc0ffa8>.gspb-buttonbox{display:var(--display, inline-flex);text-align:center;font-family:var(--theme-button-font-family, var(--theme-font-family));font-size:var(--theme-button-font-style);font-weight:var(--theme-button-font-weight);font-style:var(--theme-button-font-size);line-height:var(--theme-button-line-height);letter-spacing:var(--theme-button-letter-spacing);text-transform:var(--theme-button-text-transform);-webkit-text-decoration:var(--theme-button-text-decoration);text-decoration:var(--theme-button-text-decoration);color:var(--theme-button-text-initial-color);border:var(--button-border);background-color:var(--theme-button-background-initial-color);min-height:var(--theme-button-min-height);appearance:none;user-select:none;border-radius:var(--theme-button-border-radius, 3px);--has-link-decoration:var(--false);padding:var(--theme-button-padding);align-items:center;justify-content:center;position:relative;z-index:0;cursor:pointer;box-sizing:border-box}.gspb_button-id-gsbp-dc0ffa8>.gspb-buttonbox:hover{border-color:var(--theme-button-border-hover-color);color:var(--theme-button-text-hover-color);background-color:var(--theme-button-background-hover-color)}.gspb_button-id-gsbp-dc0ffa8>.gspb-buttonbox>.gspb-buttonbox-textwrap>.gspb-buttonbox-icon{display:flex}.gspb_button-id-gsbp-dc0ffa8>.gspb-buttonbox .gspb-buttonbox-icon svg,.gspb_button-id-gsbp-dc0ffa8>.gspb-buttonbox .gspb-buttonbox-icon svg path{fill:#000!important}.gspb_button-id-gsbp-dc0ffa8>.gspb-buttonbox .gspb-buttonbox-icon svg{margin:0!important}.gspb_button-id-gsbp-dc0ffa8>.gspb-buttonbox>.gspb-buttonbox-textwrap{display:flex;flex-direction:row;align-items:center}.gspb_button-id-gsbp-dc0ffa8 .gspb-buttonbox-icon{margin-left:13px}.gspb_button-id-gsbp-dc0ffa8>.gspb-buttonbox .gspb-buttonbox-icon,.gspb_button-id-gsbp-dc0ffa8>.gspb-buttonbox .gspb-buttonbox-icon svg,.gspb_button-id-gsbp-dc0ffa8>.gspb-buttonbox .gspb-buttonbox-icon svg path{transition:all .2s cubic-bezier(.42,0,.58,1)}.gspb_button-id-gsbp-dc0ffa8>.gspb-buttonbox:hover .gspb-buttonbox-icon{transform:translateY(4px)}.gspb_button-id-gsbp-dc0ffa8>.gspb-buttonbox{margin-top:0;padding:16px 32px 14px;background-color:var(--gs-colorcolor2, #ffc908);font-size:16px;color:var(--gs-colorcolor4, #2a2a2a);transition:all .2s cubic-bezier(.42,0,.58,1)}.gspb_button-id-gsbp-dc0ffa8>.gspb-buttonbox:hover{background-color:var(--gs-colorcolor2, #ffc908)!important;color:var(--gs-colorcolor4, #2a2a2a)}.gspb_button-id-gsbp-dc0ffa8>.gspb-buttonbox,.gspb_button-id-gsbp-dc0ffa8>.gspb-buttonbox>.gspb_backgroundOverlay{border-top-left-radius:99px;border-top-right-radius:99px;border-bottom-right-radius:99px;border-bottom-left-radius:99px}.gspb_button-id-gsbp-dc0ffa8>.gspb-buttonbox:hover{transform:scale(1.03)}.gspb_button-id-gsbp-ebc5d51 .gspb-buttonbox-text{display:flex;flex-direction:column}.gspb_button-id-gsbp-ebc5d51>.gspb-buttonbox{display:var(--display, inline-flex);text-align:center;font-family:var(--theme-button-font-family, var(--theme-font-family));font-size:var(--theme-button-font-style);font-weight:var(--theme-button-font-weight);font-style:var(--theme-button-font-size);line-height:var(--theme-button-line-height);letter-spacing:var(--theme-button-letter-spacing);text-transform:var(--theme-button-text-transform);-webkit-text-decoration:var(--theme-button-text-decoration);text-decoration:var(--theme-button-text-decoration);color:var(--theme-button-text-initial-color);border:var(--button-border);background-color:var(--theme-button-background-initial-color);min-height:var(--theme-button-min-height);appearance:none;user-select:none;border-radius:var(--theme-button-border-radius, 3px);--has-link-decoration:var(--false);padding:var(--theme-button-padding);align-items:center;justify-content:center;position:relative;z-index:0;cursor:pointer;box-sizing:border-box}.gspb_button-id-gsbp-ebc5d51>.gspb-buttonbox:hover{border-color:var(--theme-button-border-hover-color);color:var(--theme-button-text-hover-color);background-color:var(--theme-button-background-hover-color)}.gspb_button-id-gsbp-ebc5d51>.gspb-buttonbox>.gspb-buttonbox-textwrap>.gspb-buttonbox-icon{display:flex}.gspb_button-id-gsbp-ebc5d51>.gspb-buttonbox .gspb-buttonbox-icon svg,.gspb_button-id-gsbp-ebc5d51>.gspb-buttonbox .gspb-buttonbox-icon svg path{fill:currentColor!important}.gspb_button-id-gsbp-ebc5d51>.gspb-buttonbox .gspb-buttonbox-icon svg{margin:0!important}.gspb_button-id-gsbp-ebc5d51>.gspb-buttonbox>.gspb-buttonbox-textwrap{display:flex;flex-direction:row;align-items:center}.gspb_button-id-gsbp-ebc5d51 .gspb-buttonbox-icon{margin-left:13px}.gspb_button-id-gsbp-ebc5d51>.gspb-buttonbox .gspb-buttonbox-icon{transition:all .5s cubic-bezier(.42,0,.58,1)}.gspb_button-id-gsbp-ebc5d51>.gspb-buttonbox:hover .gspb-buttonbox-icon{transform:translateX(12px)}.gspb_button-id-gsbp-ebc5d51>.gspb-buttonbox{margin-top:0;padding:16px 32px 14px;background-color:#00000000;font-size:16px;color:#fff}.gspb_button-id-gsbp-ebc5d51>.gspb-buttonbox:hover{background-color:var(--gs-colorcolor2, #ffc908)!important;color:var(--gs-colorcolor4, #2a2a2a)}.gspb_button-id-gsbp-ebc5d51>.gspb-buttonbox,.gspb_button-id-gsbp-ebc5d51>.gspb-buttonbox>.gspb_backgroundOverlay{border-top-left-radius:99px;border-top-right-radius:99px;border-bottom-right-radius:99px;border-bottom-left-radius:99px}#gspb_row-id-gsbp-4e7420a{justify-content:space-between;margin-top:0;margin-bottom:0;display:flex;flex-wrap:wrap}#gspb_row-id-gsbp-4e7420a>.gspb_row__content{display:flex;justify-content:space-between;margin:0 auto;width:100%;flex-wrap:wrap;max-width:1200px}.gspb_row{position:relative}#gspb_col-id-gsbp-62afe14.gspb_row__col--12{width:100%}@media (max-width:575.98px){#gspb_col-id-gsbp-62afe14.gspb_row__col--12{width:100%}}.gspb_container-id-gsbp-9a37d8c{flex-direction:column;box-sizing:border-box}#gspb_container-id-gsbp-9a37d8c.gspb_container,#gspb_container-id-gsbp-9a37d8c.gspb_container>.gspb_backgroundOverlay{border-top-left-radius:25px;border-top-right-radius:25px;border-bottom-right-radius:25px;border-bottom-left-radius:25px}#gspb_container-id-gsbp-9a37d8c.gspb_container{position:relative;overflow:hidden;border-style:solid;border-width:2px;border-color:#ffffff36;isolation:isolate}#gspb_container-id-gsbp-9a37d8c.gspb_container>.gspb_backgroundOverlay{position:absolute;top:0;left:0;width:100%;height:100%;z-index:-1;-webkit-backdrop-filter:blur(10.9px);backdrop-filter:blur(10.9px);background-color:#ffffff00}body.gspb-bodyfront #gspb_container-id-gsbp-9a37d8c.gspb_container{min-height:43em}","footnotes":""},"class_list":["post-40","page","type-page","status-publish","hentry"],"blocksy_meta":[],"_links":{"self":[{"href":"https:\/\/sinfinityclothing.com\/en\/wp-json\/wp\/v2\/pages\/40","targetHints":{"allow":["GET"]}}],"collection":[{"href":"https:\/\/sinfinityclothing.com\/en\/wp-json\/wp\/v2\/pages"}],"about":[{"href":"https:\/\/sinfinityclothing.com\/en\/wp-json\/wp\/v2\/types\/page"}],"author":[{"embeddable":true,"href":"https:\/\/sinfinityclothing.com\/en\/wp-json\/wp\/v2\/users\/1"}],"replies":[{"embeddable":true,"href":"https:\/\/sinfinityclothing.com\/en\/wp-json\/wp\/v2\/comments?post=40"}],"version-history":[{"count":12,"href":"https:\/\/sinfinityclothing.com\/en\/wp-json\/wp\/v2\/pages\/40\/revisions"}],"predecessor-version":[{"id":670,"href":"https:\/\/sinfinityclothing.com\/en\/wp-json\/wp\/v2\/pages\/40\/revisions\/670"}],"wp:attachment":[{"href":"https:\/\/sinfinityclothing.com\/en\/wp-json\/wp\/v2\/media?parent=40"}],"curies":[{"name":"wp","href":"https:\/\/api.w.org\/{rel}","templated":true}]}}