{"id":46,"date":"2025-10-22T17:04:28","date_gmt":"2025-10-22T15:04:28","guid":{"rendered":"https:\/\/si.zinnejstrony.pl\/?page_id=46"},"modified":"2025-11-14T18:17:31","modified_gmt":"2025-11-14T17:17:31","slug":"kontakt","status":"publish","type":"page","link":"https:\/\/sinfinityclothing.com\/en\/kontakt\/","title":{"rendered":"Contact"},"content":{"rendered":"<section class=\"wp-block-greenshift-blocks-row alignfull gspb_row gspb_row-id-gsbp-86f7b08 your-parallax-section\" id=\"gspb_row-id-gsbp-86f7b08\"><div class=\"gspb_row__content\"> \n<div class=\"wp-block-greenshift-blocks-row-column gspb_row__col--12 gspb_col-id-gsbp-96a103f\" id=\"gspb_col-id-gsbp-96a103f\">\n<div class=\"wp-block-greenshift-blocks-container gspb_container gspb_container-gsbp-51c4d8a\" id=\"gspb_container-id-gsbp-51c4d8a\"><div class=\"gspb_backgroundOverlay\"><\/div>\n<div class=\"wp-block-greenshift-blocks-iconbox gspb_iconBox gspb_iconBox-id-gsbp-8d3d130\" id=\"gspb_iconBox-id-gsbp-8d3d130\"><div class=\"gspb_iconBox__wrapper\" style=\"display:inline-flex\"><svg class=\"\" style=\"display:inline-block;vertical-align:middle\" width=\"72\" height=\"72\" viewbox=\"0 0 896 1024\" xmlns=\"http:\/\/www.w3.org\/2000\/svg\"><path style=\"fill:#565D66\" d=\"M647.12 102.4c-41.6 38.6-79.16 79.18-112.44 119.94-54.52-75.1-122.12-151.28-198.68-222.34-196.52 182.34-336 419.92-336 563.2 0 254.5 200.58 460.8 448 460.8s448-206.3 448-460.8c0-106.54-103.96-326.28-248.88-460.8zM608.18 783.7c-43.32 30.32-96.74 48.3-154.46 48.3-144.3 0-261.72-95.48-261.72-250.5 0-77.22 48.62-145.26 145.58-261.5 13.86 15.96 197.66 250.68 197.66 250.68l117.26-133.76c8.28 13.7 15.82 27.1 22.54 39.94 54.7 104.38 31.62 237.94-66.86 306.84z\"><\/path><\/svg><\/div><\/div>\n\n\n\n<div id=\"gspb_text-id-gsbp-5360b17\" class=\"gspb_text gspb_text-id-gsbp-5360b17\">Order<\/div>\n<\/div>\n\n\n\n<script>\n\/\/ Add this via Greenshift's custom JS or a site JS snippet plugin\ndocument.addEventListener('scroll', () => {\n  document.querySelectorAll('.your-parallax-section').forEach((el) => {\n    const speed = 0.4; \/\/ adjust speed (0.2 = slow, 0.6 = faster)\n    const yOffset = window.scrollY * speed;\n    el.style.backgroundPosition = `center calc(50% + ${yOffset}px)`;\n  });\n});\n\n<\/script>\n\n\n\n<h2 id=\"gspb_heading-id-gsbp-22ade7e\" class=\"gspb_heading gspb_heading-id-gsbp-22ade7e\">Contact<\/h2>\n\n\n\n<p class=\"has-text-align-center has-text-color has-link-color wp-elements-8934bfc309d9f2c8371f301112d63eed\" style=\"color:#bbbbbb\">Drukujemy dla zespo\u0142\u00f3w, marek i event\u00f3w w ca\u0142ej Polsce. W naszych realizacjach zobaczysz, jak \u0142\u0105czymy kreatywne pomys\u0142y z precyzyjn\u0105 produkcj\u0105 \u2014 od merchu i odzie\u017cy po scenografi\u0119 i materia\u0142y eventowe.<\/p>\n\n\n\n<div class=\"wp-block-greenshift-blocks-row alignwide gspb_row gspb_row-id-gsbp-4af7925\" id=\"gspb_row-id-gsbp-4af7925\"><div class=\"gspb_row__content\"> \n<div class=\"wp-block-greenshift-blocks-row-column gspb_row__col--6 gspb_col-id-gsbp-9844420\" id=\"gspb_col-id-gsbp-9844420\">\n<div class=\"wp-block-greenshift-blocks-container gspb_container gspb_container-gsbp-16c55f5\" id=\"gspb_container-id-gsbp-16c55f5\">\n<iframe src=\"https:\/\/www.google.com\/maps\/embed?pb=!1m18!1m12!1m3!1d2459.4062103496476!2d20.9475747131417!3d51.94478357853909!2m3!1f0!2f0!3f0!3m2!1i1024!2i768!4f13.1!3m3!1m2!1s0x471925a4a5c1b5e3%3A0xf2bba6d928139210!2sSinfinity%20Clothing%20S.C.!5e0!3m2!1sen!2spl!4v1762252127626!5m2!1sen!2spl\" width=\"600\" height=\"350\" style=\"border:0;\" allowfullscreen=\"\" loading=\"lazy\" referrerpolicy=\"no-referrer-when-downgrade\"><\/iframe>\n<\/div>\n<\/div>\n\n\n\n<div class=\"wp-block-greenshift-blocks-row-column gspb_row__col--6 gspb_col-id-gsbp-8451957\" id=\"gspb_col-id-gsbp-8451957\">\n<div class=\"wp-block-greenshift-blocks-container gspb_container gspb_container-gsbp-24cae50 gs-hovercard\" id=\"gspb_container-id-gsbp-24cae50\"><div class=\"gspb_backgroundOverlay\"><\/div>\n<div class=\"wp-block-greenshift-blocks-container gspb_container gspb_container-gsbp-4435d41\" id=\"gspb_container-id-gsbp-4435d41\">\n<div class=\"wp-block-greenshift-blocks-container gspb_container gspb_container-gsbp-29007af\" id=\"gspb_container-id-gsbp-29007af\">\n<div id=\"gspb_heading-id-gsbp-a04b9ec\" class=\"gspb_heading gspb_heading-id-gsbp-a04b9ec\"><strong>Contact info<\/strong><\/div>\n<style>.gs_opacity_75{opacity:0.75}<\/style>\n\n\n<p id=\"gspb_text-id-gsbp-b93de51\" class=\"gspb_text gspb_text-id-gsbp-b93de51 gs_opacity_75\">Phone:\u00a0<a href=\"tel:+48502642975\">+48 502 642 975<\/a><br>E-mail:\u00a0<a href=\"mailto:info@sinfinityclothing.com\">info@sinfinityclothing.com<\/a><\/p>\n<style>.gs_opacity_75{opacity:0.75}<\/style>\n\n\n<div style=\"height:24px\" aria-hidden=\"true\" class=\"wp-block-spacer\"><\/div>\n\n\n\n<div id=\"gspb_heading-id-gsbp-60c6289\" class=\"gspb_heading gspb_heading-id-gsbp-60c6289\">Location<\/div>\n\n\n\n<p id=\"gspb_text-id-gsbp-9846495\" class=\"gspb_text gspb_text-id-gsbp-9846495 gs_opacity_75\"><strong>Sinfinity Clothing S.C<\/strong><br>Franciszka Ryxa 57, 05-505 Pra\u017cm\u00f3w<\/p>\n<style>.gs_opacity_75{opacity:0.75}<\/style><\/div>\n<\/div>\n<\/div>\n<\/div>\n <\/div><\/div>\n\n\n\n<div style=\"height:24px\" aria-hidden=\"true\" class=\"wp-block-spacer\"><\/div>\n\n\n\n<div class=\"wp-block-group is-content-justification-left is-nowrap is-layout-flex wp-container-core-group-is-layout-a8875461 wp-block-group-is-layout-flex\" style=\"padding-top:var(--wp--preset--spacing--50)\">\n<div class=\"wp-block-greenshift-blocks-button gspb_button_wrapper gspb_button-id-gsbp-f90fd34\" id=\"gspb_button-id-gsbp-f90fd34\"><a class=\"gspb-buttonbox\" rel=\"noopener\"><span class=\"gspb-buttonbox-textwrap\"><span class=\"gspb-buttonbox-text\"><span class=\"gspb-buttonbox-title\">Get a quote<\/span><\/span><span class=\"gspb-buttonbox-icon\"><svg class=\"\" style=\"display:inline-block;vertical-align:middle\" width=\"15\" height=\"15\" viewbox=\"0 0 512 1024\" xmlns=\"http:\/\/www.w3.org\/2000\/svg\"><path style=\"fill:#565D66\" d=\"M49.414 76.202l-39.598 39.596c-9.372 9.372-9.372 24.568 0 33.942l361.398 362.26-361.398 362.26c-9.372 9.372-9.372 24.568 0 33.942l39.598 39.598c9.372 9.372 24.568 9.372 33.942 0l418.828-418.828c9.372-9.372 9.372-24.568 0-33.942l-418.828-418.828c-9.374-9.374-24.57-9.374-33.942 0z\"><\/path><\/svg><\/span><\/span><\/a><\/div>\n<\/div>\n<\/div>\n <\/div><\/section>","protected":false},"excerpt":{"rendered":"","protected":false},"author":1,"featured_media":0,"parent":0,"menu_order":0,"comment_status":"closed","ping_status":"closed","template":"","meta":{"_gspb_post_css":"#gspb_row-id-gsbp-4af7925{justify-content:space-between;margin-top:0;margin-bottom:0;display:flex;flex-wrap:wrap;align-content:center}#gspb_row-id-gsbp-4af7925>.gspb_row__content{display:flex;justify-content:space-between;margin:0 auto;width:100%;flex-wrap:wrap;align-items:center}div[id^=gspb_col-id]{box-sizing:border-box;position:relative;padding:var(--gs-row-column-padding, 15px min(3vw, 20px))}body.gspb-bodyfront #gspb_row-id-gsbp-4af7925>.gspb_row__content{width:var(--theme-container-width, 1200px);max-width:var(--theme-normal-container-max-width, 1200px)}#gspb_col-id-gsbp-9844420.gspb_row__col--6{width:50%}@media (max-width:575.98px){#gspb_col-id-gsbp-9844420.gspb_row__col--6{width:100%}}.gspb_container-id-gsbp-16c55f5,.gspb_container-id-gsbp-24cae50,.gspb_container-id-gsbp-29007af,.gspb_container-id-gsbp-4435d41{flex-direction:column;box-sizing:border-box}#gspb_container-id-gsbp-16c55f5.gspb_container>p:last-of-type,#gspb_container-id-gsbp-24cae50.gspb_container>p:last-of-type,#gspb_container-id-gsbp-29007af.gspb_container>p:last-of-type,#gspb_container-id-gsbp-4435d41.gspb_container>p:last-of-type,#gspb_container-id-gsbp-51c4d8a.gspb_container>p:last-of-type{margin-bottom:0}#gspb_container-id-gsbp-16c55f5.gspb_container{position:relative;display:inline-block;overflow:hidden}#gspb_container-id-gsbp-16c55f5.gspb_container,#gspb_container-id-gsbp-16c55f5.gspb_container>.gspb_backgroundOverlay{border-top-left-radius:.62rem;border-top-right-radius:.62rem;border-bottom-right-radius:.62rem;border-bottom-left-radius:.62rem}#gspb_col-id-gsbp-8451957.gspb_row__col--6{width:50%}@media (max-width:575.98px){#gspb_col-id-gsbp-8451957.gspb_row__col--6{width:100%}}#gspb_container-id-gsbp-24cae50.gspb_container,#gspb_container-id-gsbp-24cae50.gspb_container>.gspb_backgroundOverlay{border-top-left-radius:.625rem;border-top-right-radius:.625rem;border-bottom-right-radius:.625rem;border-bottom-left-radius:.625rem}#gspb_container-id-gsbp-24cae50.gspb_container{position:relative;display:flex;flex-direction:column;justify-content:center;align-items:center;padding:1.75rem;overflow:hidden;border-style:solid;border-width:1px;border-color:#ffffff3b;isolation:isolate}#gspb_container-id-gsbp-24cae50.gspb_container>.gspb_backgroundOverlay{position:absolute;top:0;left:0;width:100%;height:100%;z-index:-1;-webkit-backdrop-filter:blur(6px);backdrop-filter:blur(6px);background-color:#ffffff00}body.gspb-bodyfront #gspb_container-id-gsbp-24cae50.gspb_container{min-height:350px}#gspb_container-id-gsbp-4435d41.gspb_container{position:relative;display:flex;flex-direction:column;justify-content:flex-start;align-items:flex-start}body.gspb-bodyfront #gspb_container-id-gsbp-4435d41.gspb_container{z-index:2;height:100%}#gspb_container-id-gsbp-29007af.gspb_container{position:relative;display:flex;flex-direction:column;row-gap:.625rem}#gspb_heading-id-gsbp-a04b9ec{font-size:1.5rem;line-height:2rem}@media (max-width:991.98px){#gspb_heading-id-gsbp-a04b9ec{font-size:1.5rem;line-height:1.5rem}}@media (max-width:767.98px){#gspb_heading-id-gsbp-a04b9ec{font-size:1.3125rem}}@media (max-width:575.98px){#gspb_heading-id-gsbp-a04b9ec{line-height:1.5rem}}#gspb_heading-id-gsbp-a04b9ec{font-weight:700!important;color:var(--wp--preset--color--custom-white, #ffffff);margin:0}.gspb_text-id-gsbp-b93de51 .wp-block a,.gspb_text-id-gsbp-b93de51 a{color:#fff}.gspb_text-id-gsbp-b93de51 .wp-block a:hover,.gspb_text-id-gsbp-b93de51 a:hover{color:var(--gs-colorcolor2, #ffc908)}#gspb_heading-id-gsbp-60c6289{font-size:1.5rem;line-height:2rem}@media (max-width:991.98px){#gspb_heading-id-gsbp-60c6289{font-size:1.5rem;line-height:1.5rem}}@media (max-width:767.98px){#gspb_heading-id-gsbp-60c6289{font-size:1.3125rem}}@media (max-width:575.98px){#gspb_heading-id-gsbp-60c6289{line-height:1.5rem}}#gspb_heading-id-gsbp-60c6289{font-weight:700!important;color:var(--wp--preset--color--custom-white, #ffffff);margin:0}.gspb_text-id-gsbp-9846495,.gspb_text-id-gsbp-b93de51{font-size:16px;color:var(--wp--preset--color--custom-white, #ffffff);margin:0!important}.gspb_button-id-gsbp-f90fd34{display:flex;justify-content:flex-start}.gspb_button-id-gsbp-f90fd34 .gspb-buttonbox-text{display:flex;flex-direction:column}.gspb_button-id-gsbp-f90fd34>.gspb-buttonbox{display:var(--display, inline-flex);text-align:center;font-family:var(--theme-button-font-family, var(--theme-font-family));font-size:var(--theme-button-font-style);font-weight:var(--theme-button-font-weight);font-style:var(--theme-button-font-size);line-height:var(--theme-button-line-height);letter-spacing:var(--theme-button-letter-spacing);text-transform:var(--theme-button-text-transform);-webkit-text-decoration:var(--theme-button-text-decoration);text-decoration:var(--theme-button-text-decoration);color:var(--theme-button-text-initial-color);border:var(--button-border);background-color:var(--theme-button-background-initial-color);min-height:var(--theme-button-min-height);appearance:none;user-select:none;border-radius:var(--theme-button-border-radius, 3px);--has-link-decoration:var(--false);padding:var(--theme-button-padding);align-items:center;justify-content:center;position:relative;z-index:0;cursor:pointer;box-sizing:border-box}.gspb_button-id-gsbp-f90fd34>.gspb-buttonbox:hover{border-color:var(--theme-button-border-hover-color);color:var(--theme-button-text-hover-color);background-color:var(--theme-button-background-hover-color)}.gspb_button-id-gsbp-f90fd34>.gspb-buttonbox>.gspb-buttonbox-textwrap>.gspb-buttonbox-icon{display:flex}.gspb_button-id-gsbp-f90fd34>.gspb-buttonbox .gspb-buttonbox-icon svg,.gspb_button-id-gsbp-f90fd34>.gspb-buttonbox .gspb-buttonbox-icon svg path{fill:currentColor!important}.gspb_button-id-gsbp-f90fd34>.gspb-buttonbox .gspb-buttonbox-icon svg{margin:0!important}.gspb_button-id-gsbp-f90fd34>.gspb-buttonbox>.gspb-buttonbox-textwrap{display:flex;flex-direction:row;align-items:center}.gspb_button-id-gsbp-f90fd34 .gspb-buttonbox-icon{margin-left:13px}.gspb_button-id-gsbp-f90fd34>.gspb-buttonbox .gspb-buttonbox-icon{transition:all .5s cubic-bezier(.42,0,.58,1)}.gspb_button-id-gsbp-f90fd34>.gspb-buttonbox:hover .gspb-buttonbox-icon{transform:translateX(12px)}.gspb_button-id-gsbp-f90fd34>.gspb-buttonbox{margin-top:0;padding:16px 32px 14px;background-color:#00000000;font-size:16px;color:#fff}.gspb_button-id-gsbp-f90fd34>.gspb-buttonbox:hover{background-color:var(--gs-colorcolor2, #ffc908)!important;color:var(--gs-colorcolor4, #2a2a2a)}.gspb_button-id-gsbp-f90fd34>.gspb-buttonbox,.gspb_button-id-gsbp-f90fd34>.gspb-buttonbox>.gspb_backgroundOverlay{border-top-left-radius:99px;border-top-right-radius:99px;border-bottom-right-radius:99px;border-bottom-left-radius:99px}#gspb_row-id-gsbp-86f7b08{justify-content:space-between;margin-top:0;margin-bottom:0;display:flex;flex-wrap:wrap;padding-top:10vh;padding-bottom:10vh;background-color:#000;background-size:contain;background-position:50% 50%}#gspb_row-id-gsbp-86f7b08>.gspb_row__content{display:flex;justify-content:space-between;margin:0 auto;width:100%;flex-wrap:wrap;max-width:1200px}.gspb_row{position:relative}#gspb_row-id-gsbp-86f7b08 .gspb_shape-divider-container--top svg .gspb_st1,#gspb_row-id-gsbp-86f7b08 .gspb_shape-divider-container--top svg .gspb_st2{opacity:.5}#gspb_row-id-gsbp-86f7b08 .gspb_shape-divider-container--top svg .gspb_st0{opacity:1}#gspb_row-id-gsbp-86f7b08 .gspb_shape-divider-container--top{top:-43px;z-index:1}#gspb_row-id-gsbp-86f7b08 .gspb_shape-divider-container--top svg{height:45px}@media (max-width:575.98px){#gspb_row-id-gsbp-86f7b08{background-size:cover}}#gspb_row-id-gsbp-86f7b08{background-image:url(https:\/\/sinfinityclothing.com\/wp-content\/uploads\/2025\/10\/proces.png)}#gspb_row-id-gsbp-86f7b08:hover{background-size:contain}@media (max-width:575.98px){#gspb_row-id-gsbp-86f7b08:hover{background-size:cover}}#gspb_col-id-gsbp-96a103f.gspb_row__col--12{width:100%}@media (max-width:575.98px){#gspb_col-id-gsbp-96a103f.gspb_row__col--12{width:100%}}body #gspb_col-id-gsbp-96a103f.gspb_row__col--12{display:flex;flex-direction:column;align-items:center}.gspb_container-id-gsbp-51c4d8a{flex-direction:column;box-sizing:border-box}#gspb_container-id-gsbp-51c4d8a.gspb_container,#gspb_container-id-gsbp-51c4d8a.gspb_container>.gspb_backgroundOverlay{border-top-left-radius:15px;border-top-right-radius:15px;border-bottom-right-radius:15px;border-bottom-left-radius:15px}#gspb_container-id-gsbp-51c4d8a.gspb_container{position:relative;display:flex;flex-direction:row;justify-content:flex-start;align-items:center;column-gap:.4rem;box-shadow:0 2px 4px 0 rgba(0,0,0,.07);margin-bottom:0;padding:.3rem .7rem;border-style:solid;border-width:1px;border-color:#585858;isolation:isolate}#gspb_container-id-gsbp-51c4d8a.gspb_container>.gspb_backgroundOverlay{position:absolute;top:0;left:0;width:100%;height:100%;z-index:-1;-webkit-backdrop-filter:blur(1.8px);backdrop-filter:blur(1.8px);background-color:#ffffff00}#gspb_iconBox-id-gsbp-8d3d130 svg{width:72px;height:1rem!important;width:1rem!important;min-width:1rem!important;fill:#9c9c9c!important;margin:0!important}#gspb_iconBox-id-gsbp-8d3d130{justify-content:center;display:flex}#gspb_iconBox-id-gsbp-8d3d130 svg path{fill:#9c9c9c!important}#gspb_iconBox-id-gsbp-8d3d130 .gspb_iconBox__wrapper{margin:0!important;padding:0}.gspb_text-id-gsbp-5360b17{font-size:14px;font-weight:600!important;color:#bbb;margin-top:0!important}#gspb_heading-id-gsbp-22ade7e{font-size:clamp(2.2rem,4vw,2.8rem);line-height:clamp(2.75rem,4.7vw,3.5rem);text-align:left!important;color:var(--gs-colorcolor6, #ffffff);margin-top:12px;margin-bottom:24px}#gspb_heading-id-gsbp-22ade7e .gsap-g-line{text-align:left!important}","footnotes":""},"class_list":["post-46","page","type-page","status-publish","hentry"],"blocksy_meta":[],"_links":{"self":[{"href":"https:\/\/sinfinityclothing.com\/en\/wp-json\/wp\/v2\/pages\/46","targetHints":{"allow":["GET"]}}],"collection":[{"href":"https:\/\/sinfinityclothing.com\/en\/wp-json\/wp\/v2\/pages"}],"about":[{"href":"https:\/\/sinfinityclothing.com\/en\/wp-json\/wp\/v2\/types\/page"}],"author":[{"embeddable":true,"href":"https:\/\/sinfinityclothing.com\/en\/wp-json\/wp\/v2\/users\/1"}],"replies":[{"embeddable":true,"href":"https:\/\/sinfinityclothing.com\/en\/wp-json\/wp\/v2\/comments?post=46"}],"version-history":[{"count":9,"href":"https:\/\/sinfinityclothing.com\/en\/wp-json\/wp\/v2\/pages\/46\/revisions"}],"predecessor-version":[{"id":672,"href":"https:\/\/sinfinityclothing.com\/en\/wp-json\/wp\/v2\/pages\/46\/revisions\/672"}],"wp:attachment":[{"href":"https:\/\/sinfinityclothing.com\/en\/wp-json\/wp\/v2\/media?parent=46"}],"curies":[{"name":"wp","href":"https:\/\/api.w.org\/{rel}","templated":true}]}}