{"id":484,"date":"2025-11-07T14:04:46","date_gmt":"2025-11-07T13:04:46","guid":{"rendered":"https:\/\/si.zinnejstrony.pl\/?page_id=484"},"modified":"2025-11-07T14:31:01","modified_gmt":"2025-11-07T13:31:01","slug":"zamow-sinmerch","status":"publish","type":"page","link":"https:\/\/sinfinityclothing.com\/en\/zamow-sinmerch\/","title":{"rendered":"Order SinMerch"},"content":{"rendered":"<section class=\"wp-block-greenshift-blocks-row alignfull gspb_row gspb_row-id-gsbp-e2dc90f your-parallax-section\" id=\"gspb_row-id-gsbp-e2dc90f\"><div class=\"gspb_row__content\"> \n<div class=\"wp-block-greenshift-blocks-row-column gspb_row__col--12 gspb_col-id-gsbp-5eaea57\" id=\"gspb_col-id-gsbp-5eaea57\">\n<div class=\"wp-block-greenshift-blocks-container gspb_container gspb_container-gsbp-484b917\" id=\"gspb_container-id-gsbp-484b917\"><div class=\"gspb_backgroundOverlay\"><\/div>\n<div class=\"wp-block-greenshift-blocks-iconbox gspb_iconBox gspb_iconBox-id-gsbp-90cf5c2\" id=\"gspb_iconBox-id-gsbp-90cf5c2\"><div class=\"gspb_iconBox__wrapper\" style=\"display:inline-flex\"><svg class=\"\" style=\"display:inline-block;vertical-align:middle\" width=\"72\" height=\"72\" viewbox=\"0 0 1280 1024\" xmlns=\"http:\/\/www.w3.org\/2000\/svg\"><path style=\"fill:#565D66\" d=\"M1072 960h-864c-8.8 0-16 7.2-16 16v32c0 8.8 7.2 16 16 16h864c8.8 0 16-7.2 16-16v-32c0-8.8-7.2-16-16-16zM1168 320c-61.8 0-112 50.2-112 112 0 15.2 3 29.6 8.6 42.8l-112.6 67.6c-10.4 6.2-21.6 9.2-32.8 9.2-22.2 0-43.8-11.6-55.6-32.2l-148.8-260.4c22.6-20.6 37.2-50 37.2-83 0-61.8-50.2-112-112-112s-112 50.2-112 112c0 33 14.6 62.4 37.2 82.8l-148.8 260.4c-11.8 20.8-33.4 32.2-55.6 32.2-11.2 0-22.6-3-32.8-9.2l-112.6-67.6c5.4-13.2 8.6-27.6 8.6-42.8 0-61.8-50.2-112-112-112s-112 50.4-112 112.2 50.2 112 112 112c4 0 7.8-0.8 11.6-1.2l132.4 353.2h768l132.4-353.2c3.8 0.4 7.6 1.2 11.6 1.2 61.8 0 112-50.2 112-112s-50.2-112-112-112zM640 128c26.4 0 48 21.6 48 48s-21.6 48-48 48-48-21.6-48-48 21.6-48 48-48zM112 480c-26.4 0-48-21.6-48-48s21.6-48 48-48 48 21.6 48 48-21.6 48-48 48zM979.6 832h-679.2l-112-298.8 106.8 64c20 12 42.6 18.2 65.8 18.2 45.8 0 88.4-24.8 111.2-64.6l151.2-264.6c5.6 0.8 11 1.6 16.8 1.6s11.2-0.8 16.8-1.6l151 264.8c22.8 39.8 65.4 64.4 111.2 64.4 23.2 0 45.8-6.4 65.8-18.2l106.8-64-112.2 298.8zM1168 480c-26.4 0-48-21.6-48-48s21.6-48 48-48 48 21.6 48 48-21.6 48-48 48z\"><\/path><\/svg><\/div><\/div>\n\n\n\n<div id=\"gspb_text-id-gsbp-52586a4\" class=\"gspb_text gspb_text-id-gsbp-52586a4\">Nasza autorska kolekcja<\/div>\n<\/div>\n\n\n\n<h2 id=\"gspb_heading-id-gsbp-25a1ef7\" class=\"gspb_heading gspb_heading-id-gsbp-25a1ef7\">Order SinMerch<\/h2>\n\n\n\n<p class=\"has-text-align-center has-text-color has-link-color wp-elements-661d055b5157fd787efbd5306398a849\" style=\"color:#bbbbbb\">Zam\u00f3w merch z naszymi autorskimi nadrukami \ud83e\udd18<\/p>\n\n\n\n<div class=\"wp-block-greenshift-blocks-row gspb_row gspb_row-id-gsbp-525b32d\" id=\"gspb_row-id-gsbp-525b32d\"><div class=\"gspb_row__content\"> \n<div class=\"wp-block-greenshift-blocks-row-column gspb_row__col--8 gspb_col-id-gsbp-fad8483\" id=\"gspb_col-id-gsbp-fad8483\">\n<div class=\"wp-block-greenshift-blocks-container gspb_container gspb_container-gsbp-16c55f5\" id=\"gspb_container-id-gsbp-16c55f5\"><div class=\"gspb_backgroundOverlay\"><\/div><style id=\"wpforms-css-vars-477-block-27ef5732-0485-4ee6-b3d1-2991e7be03f6\">\n\t\t\t\t#wpforms-477.wpforms-block-27ef5732-0485-4ee6-b3d1-2991e7be03f6 {\n\t\t\t\t--wpforms-label-color: #ffffff;\n--wpforms-label-sublabel-color: #ffffff;\n--wpforms-label-error-color: #ff6666;\n--wpforms-field-border-radius: 15px;\n--wpforms-field-background-color: #141414;\n--wpforms-field-border-color: #7a7a7a;\n--wpforms-field-border-color-spare: #7a7a7a;\n--wpforms-field-text-color: #ffffff;\n--wpforms-button-border-style: solid;\n--wpforms-button-border-radius: 15px;\n--wpforms-button-background-color: #000000;\n--wpforms-button-border-color: #ffd817;\n--wpforms-field-size-input-height: 43px;\n--wpforms-field-size-input-spacing: 15px;\n--wpforms-field-size-font-size: 16px;\n--wpforms-field-size-line-height: 19px;\n--wpforms-field-size-padding-h: 14px;\n--wpforms-field-size-checkbox-size: 16px;\n--wpforms-field-size-sublabel-spacing: 5px;\n--wpforms-field-size-icon-size: 1;\n--wpforms-label-size-font-size: 16px;\n--wpforms-label-size-line-height: 19px;\n--wpforms-label-size-sublabel-font-size: 14px;\n--wpforms-label-size-sublabel-line-height: 17px;\n--wpforms-button-size-font-size: 17px;\n--wpforms-button-size-height: 41px;\n--wpforms-button-size-padding-h: 15px;\n--wpforms-button-size-margin-top: 10px;\n\t\t\t}\n\t\t\t<\/style><div class=\"wpforms-container wpforms-container-full wpforms-block wpforms-block-27ef5732-0485-4ee6-b3d1-2991e7be03f6 wpforms-render-modern\" id=\"wpforms-477\"><form id=\"wpforms-form-477\" class=\"wpforms-validate wpforms-form wpforms-ajax-form\" data-formid=\"477\" method=\"post\" enctype=\"multipart\/form-data\" action=\"\/en\/wp-json\/wp\/v2\/pages\/484\" data-token=\"80fcb0d187de016ed3a7abda5a05a16c\" data-token-time=\"1775865932\" data-trp-original-action=\"\/en\/wp-json\/wp\/v2\/pages\/484\"><noscript class=\"wpforms-error-noscript\">Please enable JavaScript in your browser to complete this form.<\/noscript><div id=\"wpforms-error-noscript\" style=\"display: none;\">Please enable JavaScript in your browser to complete this form.<\/div><div class=\"wpforms-field-container\"><div id=\"wpforms-477-field_1-container\" class=\"wpforms-field wpforms-field-name\" data-field-id=\"1\"><label class=\"wpforms-field-label\" for=\"wpforms-477-field_1\">Imi\u0119 i nazwisko <span class=\"wpforms-required-label\" aria-hidden=\"true\">*<\/span><\/label><input type=\"text\" id=\"wpforms-477-field_1\" class=\"wpforms-field-medium wpforms-field-required\" name=\"wpforms[fields][1]\" placeholder=\"Jan Kowalski\" aria-errormessage=\"wpforms-477-field_1-error\" required><\/div><div id=\"wpforms-477-field_2-container\" class=\"wpforms-field wpforms-field-email\" data-field-id=\"2\"><label class=\"wpforms-field-label\" for=\"wpforms-477-field_2\">E-mail adres <span class=\"wpforms-required-label\" aria-hidden=\"true\">*<\/span><\/label><input type=\"email\" id=\"wpforms-477-field_2\" class=\"wpforms-field-medium wpforms-field-required\" name=\"wpforms[fields][2]\" placeholder=\"johny@yourbrand.pl\" spellcheck=\"false\" aria-errormessage=\"wpforms-477-field_2-error\" required><\/div><div id=\"wpforms-477-field_5-container\" class=\"wpforms-field wpforms-field-number\" data-field-id=\"5\"><label class=\"wpforms-field-label\" for=\"wpforms-477-field_5\">Phone Number<\/label><input type=\"number\" id=\"wpforms-477-field_5\" class=\"wpforms-field-medium\" name=\"wpforms[fields][5]\" placeholder=\"+48 600000000\" step=\"any\" aria-errormessage=\"wpforms-477-field_5-error\" ><\/div>\t\t<div id=\"wpforms-477-field_4-container\"\n\t\t\tclass=\"wpforms-field wpforms-field-text\"\n\t\t\tdata-field-type=\"text\"\n\t\t\tdata-field-id=\"4\"\n\t\t\t>\n\t\t\t<label class=\"wpforms-field-label\" for=\"wpforms-477-field_4\" >z rozmiary Wybierz<\/label>\n\t\t\t<input type=\"text\" id=\"wpforms-477-field_4\" class=\"wpforms-field-medium\" name=\"wpforms[fields][4]\" >\n\t\t<\/div>\n\t\t<div id=\"wpforms-477-field_10-container\" class=\"wpforms-field wpforms-field-select wpforms-field-select-style-classic\" data-field-id=\"10\"><label class=\"wpforms-field-label\" for=\"wpforms-477-field_10\">Wybierz produkt z listy<\/label><select id=\"wpforms-477-field_10\" class=\"wpforms-field-medium\" name=\"wpforms[fields][10]\"><option value=\"264\"  class=\"choice-0 depth-1\"  >Ass kickin&#8217; &#8211; burgund<\/option><option value=\"262\"  class=\"choice-1 depth-1\"  >Ass kickin&#8217; &#8211; szary<\/option><option value=\"263\"  class=\"choice-2 depth-1\"  >Ass kickin&#8217; &#8211; zielony<\/option><option value=\"261\"  class=\"choice-3 depth-1\"  >Astrosurfer<\/option><option value=\"260\"  class=\"choice-4 depth-1\"  >Phantom<\/option><option value=\"259\"  class=\"choice-5 depth-1\"  >Tesla<\/option><option value=\"258\"  class=\"choice-6 depth-1\"  >Tesla &#8211; czarny<\/option><option value=\"257\"  class=\"choice-7 depth-1\"  >Typiarz<\/option><option value=\"256\"  class=\"choice-8 depth-1\"  >Typiarz &#8211; r\u00f3\u017cowy<\/option><option value=\"242\"  class=\"choice-9 depth-1\"  >Zombie<\/option><\/select><\/div><div id=\"wpforms-477-field_12-container\" class=\"wpforms-field wpforms-field-text\" data-field-id=\"12\"><label class=\"wpforms-field-label\" for=\"wpforms-477-field_12\">Ilo\u015b\u0107 i rozmiary<\/label><input type=\"text\" id=\"wpforms-477-field_12\" class=\"wpforms-field-medium\" name=\"wpforms[fields][12]\" placeholder=\"np. XL x3, S x1\" aria-errormessage=\"wpforms-477-field_12-error\" ><\/div><div id=\"wpforms-477-field_3-container\" class=\"wpforms-field wpforms-field-textarea\" data-field-id=\"3\"><label class=\"wpforms-field-label\" for=\"wpforms-477-field_3\">Uwagi<\/label><textarea id=\"wpforms-477-field_3\" class=\"wpforms-field-medium\" name=\"wpforms[fields][3]\" placeholder=\"Je\u015bli chcesz na co\u015b zwr\u00f3ci\u0107 uwag\u0119 to pisz tutaj.\" aria-errormessage=\"wpforms-477-field_3-error\" ><\/textarea><\/div><div id=\"wpforms-477-field_9-container\" class=\"wpforms-field wpforms-field-checkbox\" data-field-id=\"9\"><fieldset><legend class=\"wpforms-field-label wpforms-label-hide\" aria-hidden=\"false\"> <span class=\"wpforms-required-label\" aria-hidden=\"true\">*<\/span><\/legend><ul id=\"wpforms-477-field_9\" class=\"wpforms-field-required\"><li class=\"choice-1 depth-1\"><input type=\"checkbox\" id=\"wpforms-477-field_9_1\" name=\"wpforms[fields][9][]\" value=\"Wyra\u017cam zgodn\u0119 na przetwarzanie moich danych w celu przygotowania wyceny i kontaktu - zgodnie z Polityk\u0105 prywatno\u015bci\" aria-errormessage=\"wpforms-477-field_9_1-error\" required><label class=\"wpforms-field-label-inline\" for=\"wpforms-477-field_9_1\">I consent to the processing of my data for the purpose of preparing a quote and contacting me \u2013 in accordance with the Privacy Policy<\/label><\/li><\/ul><\/fieldset><\/div><script>\n\t\t\t\t( function() {\n\t\t\t\t\tconst style = document.createElement( 'style' );\n\t\t\t\t\tstyle.appendChild( document.createTextNode( '#wpforms-477-field_4-container { position: absolute !important; overflow: hidden !important; display: inline !important; height: 1px !important; width: 1px !important; z-index: -1000 !important; padding: 0 !important; } #wpforms-477-field_4-container input { visibility: hidden; } #wpforms-conversational-form-page #wpforms-477-field_4-container label { counter-increment: none; }' ) );\n\t\t\t\t\tdocument.head.appendChild( style );\n\t\t\t\t\tdocument.currentScript?.remove();\n\t\t\t\t} )();\n\t\t\t<\/script><\/div><!-- .wpforms-field-container --><div class=\"wpforms-submit-container\" ><input type=\"hidden\" name=\"wpforms[id]\" value=\"477\"><input type=\"hidden\" name=\"page_title\" value=\"\"><input type=\"hidden\" name=\"page_url\" value=\"https:\/\/sinfinityclothing.com\/en\/wp-json\/wp\/v2\/pages\/484\"><input type=\"hidden\" name=\"url_referer\" value=\"\"><button type=\"submit\" name=\"wpforms[submit]\" id=\"wpforms-submit-477\" class=\"wpforms-submit\" data-alt-text=\"Wysy\u0142anie...\" data-submit-text=\"Wy\u015blij zam\u00f3wienie\" aria-live=\"assertive\" value=\"wpforms-submit\">Wy\u015blij zam\u00f3wienie<\/button><img loading=\"lazy\" decoding=\"async\" src=\"https:\/\/sinfinityclothing.com\/wp-content\/plugins\/wpforms-lite\/assets\/images\/submit-spin.svg\" class=\"wpforms-submit-spinner\" style=\"display: none;\" width=\"26\" height=\"26\" alt=\"Loading\"><\/div><input type=\"hidden\" name=\"trp-form-language\" value=\"en\"\/><\/form><\/div>  <!-- .wpforms-container --><\/div>\n<\/div>\n\n\n\n<div class=\"wp-block-greenshift-blocks-row-column gspb_row__col--4 gspb_col-id-gsbp-08abf53\" id=\"gspb_col-id-gsbp-08abf53\">\n<div class=\"wp-block-greenshift-blocks-container gspb_container gspb_container-gsbp-24cae50 gs-hovercard\" id=\"gspb_container-id-gsbp-24cae50\"><div class=\"gspb_backgroundOverlay\"><\/div>\n<div class=\"wp-block-greenshift-blocks-container gspb_container gspb_container-gsbp-4435d41\" id=\"gspb_container-id-gsbp-4435d41\">\n<div class=\"wp-block-greenshift-blocks-container gspb_container gspb_container-gsbp-29007af\" id=\"gspb_container-id-gsbp-29007af\">\n<div id=\"gspb_heading-id-gsbp-a04b9ec\" class=\"gspb_heading gspb_heading-id-gsbp-a04b9ec\"><strong>Contact info<\/strong><\/div>\n<style>.gs_opacity_75{opacity:0.75}<\/style>\n\n\n<p id=\"gspb_text-id-gsbp-b93de51\" class=\"gspb_text gspb_text-id-gsbp-b93de51 gs_opacity_75\">Phone:\u00a0<a href=\"tel:+48502642975\">+48 502 642 975<\/a><br>E-mail:\u00a0<a href=\"mailto:info@sinfinityclothing.com\">info@sinfinityclothing.com<\/a><\/p>\n<style>.gs_opacity_75{opacity:0.75}<\/style>\n\n\n<div style=\"height:24px\" aria-hidden=\"true\" class=\"wp-block-spacer\"><\/div>\n\n\n\n<div id=\"gspb_heading-id-gsbp-60c6289\" class=\"gspb_heading gspb_heading-id-gsbp-60c6289\">Location<\/div>\n\n\n\n<p id=\"gspb_text-id-gsbp-9846495\" class=\"gspb_text gspb_text-id-gsbp-9846495 gs_opacity_75\"><strong>Sinfinity Clothing S.C<\/strong><br>Franciszka Ryxa 57, 05-505 Pra\u017cm\u00f3w<\/p>\n<style>.gs_opacity_75{opacity:0.75}<\/style><\/div>\n<\/div>\n<\/div>\n<\/div>\n <\/div><\/div>\n\n\n\n<div style=\"height:24px\" aria-hidden=\"true\" class=\"wp-block-spacer\"><\/div>\n<\/div>\n <\/div><\/section>","protected":false},"excerpt":{"rendered":"","protected":false},"author":1,"featured_media":0,"parent":0,"menu_order":0,"comment_status":"closed","ping_status":"closed","template":"","meta":{"_gspb_post_css":"#gspb_row-id-gsbp-e2dc90f{justify-content:space-between;margin-top:0;margin-bottom:0;display:flex;flex-wrap:wrap;padding-top:10vh;padding-bottom:10vh;background-color:#000;background-size:contain;background-repeat:no-repeat;background-image:url(https:\/\/sinfinityclothing.com\/wp-content\/uploads\/2025\/10\/proces.png)}#gspb_row-id-gsbp-e2dc90f>.gspb_row__content{display:flex;justify-content:space-between;margin:0 auto;width:100%;flex-wrap:wrap;max-width:1200px}div[id^=gspb_col-id]{box-sizing:border-box;position:relative;padding:var(--gs-row-column-padding, 15px min(3vw, 20px))}#gspb_row-id-gsbp-e2dc90f .gspb_shape-divider-container--top svg .gspb_st1,#gspb_row-id-gsbp-e2dc90f .gspb_shape-divider-container--top svg .gspb_st2{opacity:.5}#gspb_row-id-gsbp-e2dc90f .gspb_shape-divider-container--top svg .gspb_st0{opacity:1}#gspb_row-id-gsbp-e2dc90f .gspb_shape-divider-container--top{top:-43px;z-index:1}#gspb_row-id-gsbp-e2dc90f .gspb_shape-divider-container--top svg{height:45px}#gspb_row-id-gsbp-e2dc90f:hover{background-size:contain}#gspb_col-id-gsbp-5eaea57.gspb_row__col--12{width:100%}@media (max-width:575.98px){#gspb_col-id-gsbp-5eaea57.gspb_row__col--12{width:100%}}body #gspb_col-id-gsbp-5eaea57.gspb_row__col--12{display:flex;flex-direction:column;align-items:center}.gspb_container-id-gsbp-484b917{flex-direction:column;box-sizing:border-box}#gspb_container-id-gsbp-16c55f5.gspb_container>p:last-of-type,#gspb_container-id-gsbp-24cae50.gspb_container>p:last-of-type,#gspb_container-id-gsbp-29007af.gspb_container>p:last-of-type,#gspb_container-id-gsbp-4435d41.gspb_container>p:last-of-type,#gspb_container-id-gsbp-484b917.gspb_container>p:last-of-type{margin-bottom:0}#gspb_container-id-gsbp-484b917.gspb_container,#gspb_container-id-gsbp-484b917.gspb_container>.gspb_backgroundOverlay{border-top-left-radius:15px;border-top-right-radius:15px;border-bottom-right-radius:15px;border-bottom-left-radius:15px}#gspb_container-id-gsbp-484b917.gspb_container{position:relative;display:flex;flex-direction:row;justify-content:flex-start;align-items:center;column-gap:.4rem;box-shadow:0 2px 4px 0 rgba(0,0,0,.07);margin-bottom:0;padding:.3rem .7rem;border-style:solid;border-width:1px;border-color:#585858;isolation:isolate}#gspb_container-id-gsbp-484b917.gspb_container>.gspb_backgroundOverlay{position:absolute;top:0;left:0;width:100%;height:100%;z-index:-1;-webkit-backdrop-filter:blur(1.8px);backdrop-filter:blur(1.8px);background-color:#ffffff00}#gspb_iconBox-id-gsbp-90cf5c2 svg{width:72px;height:1rem!important;width:1rem!important;min-width:1rem!important;fill:#9c9c9c!important;margin:0!important}#gspb_iconBox-id-gsbp-90cf5c2{justify-content:center;display:flex}#gspb_iconBox-id-gsbp-90cf5c2 svg path{fill:#9c9c9c!important}#gspb_iconBox-id-gsbp-90cf5c2 .gspb_iconBox__wrapper{margin:0!important;padding:0}.gspb_text-id-gsbp-52586a4{font-size:14px;font-weight:600!important;color:#bbb;margin-top:0!important}#gspb_heading-id-gsbp-25a1ef7{font-size:clamp(2.2rem,4vw,2.8rem);line-height:clamp(2.75rem,4.7vw,3.5rem);text-align:left!important;color:var(--gs-colorcolor6, #ffffff);margin-top:12px;margin-bottom:24px}#gspb_heading-id-gsbp-25a1ef7 .gsap-g-line{text-align:left!important}#gspb_row-id-gsbp-525b32d{justify-content:space-between;margin-top:0;margin-bottom:0;display:flex;flex-wrap:wrap}#gspb_row-id-gsbp-525b32d>.gspb_row__content{display:flex;justify-content:space-between;margin:0 auto;width:100%;flex-wrap:wrap}.gspb_row{position:relative}body.gspb-bodyfront #gspb_row-id-gsbp-525b32d>.gspb_row__content{width:var(--theme-container-width, 1200px);max-width:var(--theme-normal-container-max-width, 1200px)}#gspb_col-id-gsbp-fad8483.gspb_row__col--8{width:66.66666666666667%}@media (max-width:575.98px){#gspb_col-id-gsbp-fad8483.gspb_row__col--8{width:100%}}.gspb_container-id-gsbp-16c55f5,.gspb_container-id-gsbp-24cae50,.gspb_container-id-gsbp-29007af,.gspb_container-id-gsbp-4435d41{flex-direction:column;box-sizing:border-box}#gspb_container-id-gsbp-16c55f5.gspb_container,#gspb_container-id-gsbp-16c55f5.gspb_container>.gspb_backgroundOverlay{border-top-left-radius:.62rem;border-top-right-radius:.62rem;border-bottom-right-radius:.62rem;border-bottom-left-radius:.62rem}#gspb_container-id-gsbp-16c55f5.gspb_container{position:relative;display:inline-block;padding:1rem;overflow:hidden;border-style:solid;border-width:1px;border-color:#ffffff38;isolation:isolate}#gspb_container-id-gsbp-16c55f5.gspb_container>.gspb_backgroundOverlay{position:absolute;top:0;left:0;width:100%;height:100%;z-index:-1;-webkit-backdrop-filter:blur(4px);backdrop-filter:blur(4px);background-color:#ffffff00}#gspb_col-id-gsbp-08abf53.gspb_row__col--4{width:33.333333333333336%}@media (max-width:575.98px){#gspb_col-id-gsbp-08abf53.gspb_row__col--4{width:100%}}#gspb_container-id-gsbp-24cae50.gspb_container,#gspb_container-id-gsbp-24cae50.gspb_container>.gspb_backgroundOverlay{border-top-left-radius:.625rem;border-top-right-radius:.625rem;border-bottom-right-radius:.625rem;border-bottom-left-radius:.625rem}#gspb_container-id-gsbp-24cae50.gspb_container{position:relative;display:flex;flex-direction:column;justify-content:center;align-items:center;padding:1.75rem;overflow:hidden;border-style:solid;border-width:1px;border-color:#ffffff3b;isolation:isolate}#gspb_container-id-gsbp-24cae50.gspb_container>.gspb_backgroundOverlay{position:absolute;top:0;left:0;width:100%;height:100%;z-index:-1;-webkit-backdrop-filter:blur(6px);backdrop-filter:blur(6px);background-color:#ffffff00}body.gspb-bodyfront #gspb_container-id-gsbp-24cae50.gspb_container{min-height:350px}#gspb_container-id-gsbp-4435d41.gspb_container{position:relative;display:flex;flex-direction:column;justify-content:flex-start;align-items:flex-start}body.gspb-bodyfront #gspb_container-id-gsbp-4435d41.gspb_container{z-index:2;height:100%}#gspb_container-id-gsbp-29007af.gspb_container{position:relative;display:flex;flex-direction:column;row-gap:.625rem}#gspb_heading-id-gsbp-a04b9ec{font-size:1.5rem;line-height:2rem}@media (max-width:991.98px){#gspb_heading-id-gsbp-a04b9ec{font-size:1.5rem;line-height:1.5rem}}@media (max-width:767.98px){#gspb_heading-id-gsbp-a04b9ec{font-size:1.3125rem}}@media (max-width:575.98px){#gspb_heading-id-gsbp-a04b9ec{line-height:1.5rem}}#gspb_heading-id-gsbp-a04b9ec{font-weight:700!important;color:var(--wp--preset--color--custom-white, #ffffff);margin:0}.gspb_text-id-gsbp-b93de51 .wp-block a,.gspb_text-id-gsbp-b93de51 a{color:#fff}.gspb_text-id-gsbp-b93de51 .wp-block a:hover,.gspb_text-id-gsbp-b93de51 a:hover{color:var(--gs-colorcolor2, #ffc908)}#gspb_heading-id-gsbp-60c6289{font-size:1.5rem;line-height:2rem}@media (max-width:991.98px){#gspb_heading-id-gsbp-60c6289{font-size:1.5rem;line-height:1.5rem}}@media (max-width:767.98px){#gspb_heading-id-gsbp-60c6289{font-size:1.3125rem}}@media (max-width:575.98px){#gspb_heading-id-gsbp-60c6289{line-height:1.5rem}}#gspb_heading-id-gsbp-60c6289{font-weight:700!important;color:var(--wp--preset--color--custom-white, #ffffff);margin:0}.gspb_text-id-gsbp-9846495,.gspb_text-id-gsbp-b93de51{font-size:16px;color:var(--wp--preset--color--custom-white, #ffffff);margin:0!important}","footnotes":""},"class_list":["post-484","page","type-page","status-publish","hentry"],"blocksy_meta":[],"_links":{"self":[{"href":"https:\/\/sinfinityclothing.com\/en\/wp-json\/wp\/v2\/pages\/484","targetHints":{"allow":["GET"]}}],"collection":[{"href":"https:\/\/sinfinityclothing.com\/en\/wp-json\/wp\/v2\/pages"}],"about":[{"href":"https:\/\/sinfinityclothing.com\/en\/wp-json\/wp\/v2\/types\/page"}],"author":[{"embeddable":true,"href":"https:\/\/sinfinityclothing.com\/en\/wp-json\/wp\/v2\/users\/1"}],"replies":[{"embeddable":true,"href":"https:\/\/sinfinityclothing.com\/en\/wp-json\/wp\/v2\/comments?post=484"}],"version-history":[{"count":27,"href":"https:\/\/sinfinityclothing.com\/en\/wp-json\/wp\/v2\/pages\/484\/revisions"}],"predecessor-version":[{"id":520,"href":"https:\/\/sinfinityclothing.com\/en\/wp-json\/wp\/v2\/pages\/484\/revisions\/520"}],"wp:attachment":[{"href":"https:\/\/sinfinityclothing.com\/en\/wp-json\/wp\/v2\/media?parent=484"}],"curies":[{"name":"wp","href":"https:\/\/api.w.org\/{rel}","templated":true}]}}